{"id":1114,"date":"2023-10-23T15:26:54","date_gmt":"2023-10-23T13:26:54","guid":{"rendered":"https:\/\/greensailor.it\/contacts\/"},"modified":"2024-01-17T17:38:19","modified_gmt":"2024-01-17T16:38:19","slug":"contacto","status":"publish","type":"page","link":"https:\/\/greensailor.it\/es\/contacto\/","title":{"rendered":"Contacto"},"content":{"rendered":"<div class=\"wpb-content-wrapper\"><p>[vc_row full_width=\u00bbstretch_row\u00bb gap=\u00bb35&#8243; wrap_container=\u00bbyes\u00bb section_skin=\u00bbparallax\u00bb remove_margin_top=\u00bbyes\u00bb el_class=\u00bbsection1&#8243; css=\u00bb.vc_custom_1698091624857{padding-top: 70px !important;padding-bottom: 70px !important;background-color: #fcfcfc !important;}\u00bb conditional_render=\u00bb%5B%7B%22value_role%22%3A%22administrator%22%7D%5D\u00bb][vc_column][vc_row_inner css=\u00bb.vc_custom_1698091886568{margin-bottom: 30px !important;}\u00bb][vc_column_inner width=\u00bb1\/2&#8243;]<div class=\"porto-u-heading  wpb_custom_8a8f029f815d8f153fba6111ad5a78d0 porto-u-ad87e2eaf3f9c495180fe0156ddf3eb0 \"><div class=\"porto-u-main-heading\"><h2   style=\"color:#000000;margin-bottom: 15px;\">Mant\u00e9ngase en contacto<\/h2><\/div><div class=\"porto-u-sub-heading\" style=\"color: #435889;margin-bottom:20px;\">Para obtener m\u00e1s informaci\u00f3n o solicitar asistencia sobre los productos, p\u00f3ngase en contacto con nosotros rellenando el formulario<\/div><style>.porto-u-ad87e2eaf3f9c495180fe0156ddf3eb0.porto-u-heading{text-align:left}<\/style><\/div>[\/vc_column_inner][vc_column_inner width=\u00bb1\/2&#8243;][\/vc_column_inner][\/vc_row_inner][\/vc_column][vc_column width=\u00bb5\/12&#8243; el_class=\u00bbmb-5 mb-lg-0&#8243;]<div class=\"porto-ultimate-content-box-container \"><style>.porto_ucb_9ad256fe9e3d6ccfbfc8488e2b4239bc{will-change: box-shadow;box-shadow:1px 1px 5px 0 rgba(0,0,0,0.1);}.porto_ucb_9ad256fe9e3d6ccfbfc8488e2b4239bc:hover{box-shadow:3px 3px 10px 0 rgba(0,0,0,0.1)}<\/style><div class=\"porto-ultimate-content-box vc_custom_1630910451502 porto_ucb_9ad256fe9e3d6ccfbfc8488e2b4239bc\" style=\"background-color:#ffffff;\" data-bg=\"#ffffff\"><div class=\"porto-sicon-box  vc_custom_1703888071588  wpb_custom_1c31169673c9259f599eba1d909510a2 style_2 default-icon\"><div class=\"porto-sicon-default\"><div class=\"porto-just-icon-wrapper porto-icon none\" style=\"color:#00381a;font-size:36px;\"><i class=\"Simple-Line-Icons-location-pin\"><\/i><\/div><\/div><div class=\"porto-sicon-header\"><h3 class=\"porto-sicon-title\" style=\"\">Direcci\u00f3n:<\/h3><p style=\"font-weight:600;color:#222529;\">Viale T.A. Edison 50, 20099, Sesto San Giovanni Milano Italy<\/p><\/div> <!-- header --><\/div><!-- porto-sicon-box --><\/div><\/div><div class=\"porto-ultimate-content-box-container \"><style>.porto_ucb_9ad256fe9e3d6ccfbfc8488e2b4239bc{will-change: box-shadow;box-shadow:1px 1px 5px 0 rgba(0,0,0,0.1);}.porto_ucb_9ad256fe9e3d6ccfbfc8488e2b4239bc:hover{box-shadow:3px 3px 10px 0 rgba(0,0,0,0.1)}<\/style><div class=\"porto-ultimate-content-box vc_custom_1630910459967 porto_ucb_9ad256fe9e3d6ccfbfc8488e2b4239bc\" style=\"background-color:#ffffff;\" data-bg=\"#ffffff\"><a aria-label=\"Tel:\" class=\"porto-sicon-box-link\" href=\"tel:+390222476678\"><div class=\"porto-sicon-box  vc_custom_1699734789967  wpb_custom_1c31169673c9259f599eba1d909510a2 style_2 default-icon\"><div class=\"porto-sicon-default\"><div class=\"porto-just-icon-wrapper porto-icon none\" style=\"color:#00381a;font-size:36px;\"><i class=\"Simple-Line-Icons-screen-smartphone\"><\/i><\/div><\/div><div class=\"porto-sicon-header\"><h3 class=\"porto-sicon-title\" style=\"\">Tel:<\/h3><p style=\"font-weight:600;\">(+39) 02 22476678<\/p><\/div> <!-- header --><\/div><!-- porto-sicon-box --><\/a><\/div><\/div><div class=\"porto-ultimate-content-box-container \"><style>.porto_ucb_9ad256fe9e3d6ccfbfc8488e2b4239bc{will-change: box-shadow;box-shadow:1px 1px 5px 0 rgba(0,0,0,0.1);}.porto_ucb_9ad256fe9e3d6ccfbfc8488e2b4239bc:hover{box-shadow:3px 3px 10px 0 rgba(0,0,0,0.1)}<\/style><div class=\"porto-ultimate-content-box vc_custom_1630910464799 porto_ucb_9ad256fe9e3d6ccfbfc8488e2b4239bc\" style=\"background-color:#ffffff;\" data-bg=\"#ffffff\"><a aria-label=\"E-mail\" class=\"porto-sicon-box-link\" href=\"mailto:info@greensailor.it\"><div class=\"porto-sicon-box  vc_custom_1699734798440  wpb_custom_1c31169673c9259f599eba1d909510a2 style_2 default-icon\"><div class=\"porto-sicon-default\"><div class=\"porto-just-icon-wrapper porto-icon none\" style=\"color:#00381a;font-size:36px;\"><i class=\"Simple-Line-Icons-envelope-open\"><\/i><\/div><\/div><div class=\"porto-sicon-header\"><h3 class=\"porto-sicon-title\" style=\"\">E-mail<\/h3><p style=\"font-weight:600;\">info@greensailor.it<\/p><\/div> <!-- header --><\/div><!-- porto-sicon-box --><\/a><\/div><\/div>[\/vc_column][vc_column width=\u00bb7\/12&#8243; animation_delay=\u00bb2000&#8243;]<div class=\"porto-ultimate-content-box-container \"><style>.porto_ucb_9ad256fe9e3d6ccfbfc8488e2b4239bc{will-change: box-shadow;box-shadow:1px 1px 5px 0 rgba(0,0,0,0.1);}.porto_ucb_9ad256fe9e3d6ccfbfc8488e2b4239bc:hover{box-shadow:3px 3px 10px 0 rgba(0,0,0,0.1)}<\/style><div class=\"porto-ultimate-content-box vc_custom_1630910476606 porto_ucb_9ad256fe9e3d6ccfbfc8488e2b4239bc\" style=\"background-color:#ffffff;\" data-bg=\"#ffffff\">\n<div class=\"wpcf7 no-js\" id=\"wpcf7-f18-o1\" lang=\"it-IT\" dir=\"ltr\" data-wpcf7-id=\"18\">\n<div class=\"screen-reader-response\"><p role=\"status\" aria-live=\"polite\" aria-atomic=\"true\"><\/p> <ul><\/ul><\/div>\n<form action=\"\/es\/wp-json\/wp\/v2\/pages\/1114#wpcf7-f18-o1\" method=\"post\" class=\"wpcf7-form init\" aria-label=\"Modulo di contatto\" novalidate=\"novalidate\" data-status=\"init\">\n<fieldset class=\"hidden-fields-container\"><input type=\"hidden\" name=\"_wpcf7\" value=\"18\" \/><input type=\"hidden\" name=\"_wpcf7_version\" value=\"6.1.4\" \/><input type=\"hidden\" name=\"_wpcf7_locale\" value=\"it_IT\" \/><input type=\"hidden\" name=\"_wpcf7_unit_tag\" value=\"wpcf7-f18-o1\" \/><input type=\"hidden\" name=\"_wpcf7_container_post\" value=\"0\" \/><input type=\"hidden\" name=\"_wpcf7_posted_data_hash\" value=\"\" \/><input type=\"hidden\" name=\"_wpcf7_recaptcha_response\" value=\"\" \/>\n<\/fieldset>\n<p>\n  <label>Ragione Sociale*<\/label>\n  <span class=\"wpcf7-form-control-wrap\" data-name=\"ragione-sociale\"><input size=\"40\" maxlength=\"400\" class=\"wpcf7-form-control wpcf7-text wpcf7-validates-as-required\" aria-required=\"true\" aria-invalid=\"false\" value=\"\" type=\"text\" name=\"ragione-sociale\" \/><\/span>\n<\/p>\n\n<p>\n  <label>Nome e Cognome *<\/label>\n  <span class=\"wpcf7-form-control-wrap\" data-name=\"nomecognome\"><input size=\"40\" maxlength=\"400\" class=\"wpcf7-form-control wpcf7-text wpcf7-validates-as-required\" aria-required=\"true\" aria-invalid=\"false\" value=\"\" type=\"text\" name=\"nomecognome\" \/><\/span>\n<\/p>\n\n<p>\n  <label>Email *<\/label>\n  <span class=\"wpcf7-form-control-wrap\" data-name=\"email\"><input size=\"40\" maxlength=\"400\" class=\"wpcf7-form-control wpcf7-email wpcf7-validates-as-required wpcf7-text wpcf7-validates-as-email\" aria-required=\"true\" aria-invalid=\"false\" value=\"\" type=\"email\" name=\"email\" \/><\/span>\n<\/p>\n\n<p>\n  <label>Cellulare *<\/label>\n  <span class=\"wpcf7-form-control-wrap\" data-name=\"cellulare\"><input size=\"40\" maxlength=\"400\" class=\"wpcf7-form-control wpcf7-tel wpcf7-validates-as-required wpcf7-text wpcf7-validates-as-tel\" aria-required=\"true\" aria-invalid=\"false\" value=\"\" type=\"tel\" name=\"cellulare\" \/><\/span>\n<\/p>\n\n<p>\n  <label>Tipo*<\/label>\n  <span class=\"wpcf7-form-control-wrap\" data-name=\"cliente\"><select class=\"wpcf7-form-control wpcf7-select wpcf7-validates-as-required\" aria-required=\"true\" aria-invalid=\"false\" name=\"cliente\"><option value=\"Seleziona un&#039;opzione\">Seleziona un&#039;opzione<\/option><option value=\"Agente\">Agente<\/option><option value=\"Cantiere Nautico\">Cantiere Nautico<\/option><option value=\"Azienda\">Azienda<\/option><option value=\"Media\">Media<\/option><option value=\"Privato\">Privato<\/option><option value=\"Refitting Barche\">Refitting Barche<\/option><option value=\"Rivenditore\">Rivenditore<\/option><option value=\"Refitting Gommoni\">Refitting Gommoni<\/option><\/select><\/span>\n<\/p>\n\n<p>\n  <label>Prodotto di Interesse*<\/label>\n  <span class=\"wpcf7-form-control-wrap\" data-name=\"prodotto\"><select class=\"wpcf7-form-control wpcf7-select wpcf7-validates-as-required\" aria-required=\"true\" aria-invalid=\"false\" name=\"prodotto\"><option value=\"Seleziona un&#039;opzione\">Seleziona un&#039;opzione<\/option><option value=\"Greenwhole\">Greenwhole<\/option><option value=\"Greenprop\">Greenprop<\/option><option value=\"Greentender\">Greentender<\/option><option value=\"Teakdek Protect\">Teakdek Protect<\/option><option value=\"Greenchrome\">Greenchrome<\/option><option value=\"Altro\">Altro<\/option><\/select><\/span>\n<\/p>\n\n<p>\n  <label>Messaggio *<\/label>\n  <span class=\"wpcf7-form-control-wrap\" data-name=\"messaggio\"><textarea cols=\"40\" rows=\"10\" maxlength=\"2000\" class=\"wpcf7-form-control wpcf7-textarea wpcf7-validates-as-required\" aria-required=\"true\" aria-invalid=\"false\" name=\"messaggio\"><\/textarea><\/span>\n<\/p>\n\n<label>\n  <span class=\"wpcf7-form-control-wrap\" data-name=\"terms\"><span class=\"wpcf7-form-control wpcf7-checkbox wpcf7-validates-as-required\"><span class=\"wpcf7-list-item first last\"><label><input type=\"checkbox\" name=\"terms[]\" value=\"Acconsento a ricevere la newsletter e comunicazioni promozionali da Par-Ky Italia Srl, in conformit\u00e0*\" \/><span class=\"wpcf7-list-item-label\">Acconsento a ricevere la newsletter e comunicazioni promozionali da Par-Ky Italia Srl, in conformit\u00e0*<\/span><\/label><\/span><\/span><\/span>\n  <a href=\"\/informativa\" target=\"_blank\"> all\u2019informativa privacy.<\/a>\n<\/label>\n\n<p>\n  <input class=\"wpcf7-form-control wpcf7-submit has-spinner\" type=\"submit\" value=\"Invia\" \/>\n<\/p><input type='hidden' class='wpcf7-pum' value='{\"closepopup\":false,\"closedelay\":0,\"openpopup\":false,\"openpopup_id\":0}' \/><div class=\"wpcf7-response-output\" aria-hidden=\"true\"><\/div>\n<\/form>\n<\/div>\n<\/div><\/div>[\/vc_column][\/vc_row]<\/p>\n<\/div>","protected":false},"excerpt":{"rendered":"<p>[vc_row full_width=\u00bbstretch_row\u00bb gap=\u00bb35&#8243; wrap_container=\u00bbyes\u00bb section_skin=\u00bbparallax\u00bb remove_margin_top=\u00bbyes\u00bb el_class=\u00bbsection1&#8243; css=\u00bb.vc_custom_1698091624857{padding-top: 70px !important;padding-bottom: 70px !important;background-color: #fcfcfc !important;}\u00bb conditional_render=\u00bb%5B%7B%22value_role%22%3A%22administrator%22%7D%5D\u00bb][vc_column][vc_row_inner css=\u00bb.vc_custom_1698091886568{margin-bottom: 30px !important;}\u00bb][vc_column_inner width=\u00bb1\/2&#8243;][\/vc_column_inner][vc_column_inner width=\u00bb1\/2&#8243;][\/vc_column_inner][\/vc_row_inner][\/vc_column][vc_column width=\u00bb5\/12&#8243; el_class=\u00bbmb-5 mb-lg-0&#8243;][\/vc_column][vc_column width=\u00bb7\/12&#8243; animation_delay=\u00bb2000&#8243;][\/vc_column][\/vc_row]<\/p>\n","protected":false},"author":1,"featured_media":0,"parent":0,"menu_order":0,"comment_status":"closed","ping_status":"closed","template":"","meta":{"inline_featured_image":false,"footnotes":""},"class_list":["post-1114","page","type-page","status-publish","hentry"],"yoast_head":"<!-- This site is optimized with the Yoast SEO plugin v26.7 - https:\/\/yoast.com\/wordpress\/plugins\/seo\/ -->\n<title>Contacto - Antivegetativa per Barche<\/title>\n<meta name=\"robots\" content=\"index, follow, max-snippet:-1, max-image-preview:large, max-video-preview:-1\" \/>\n<link rel=\"canonical\" href=\"https:\/\/greensailor.it\/es\/contacto\/\" \/>\n<meta property=\"og:locale\" content=\"es_ES\" \/>\n<meta property=\"og:type\" content=\"article\" \/>\n<meta property=\"og:title\" content=\"Contacto - Antivegetativa per Barche\" \/>\n<meta property=\"og:description\" content=\"[vc_row full_width=\u00bbstretch_row\u00bb gap=\u00bb35&#8243; wrap_container=\u00bbyes\u00bb section_skin=\u00bbparallax\u00bb remove_margin_top=\u00bbyes\u00bb el_class=\u00bbsection1&#8243; css=\u00bb.vc_custom_1698091624857{padding-top: 70px !important;padding-bottom: 70px !important;background-color: #fcfcfc !important;}\u00bb conditional_render=\u00bb%5B%7B%22value_role%22%3A%22administrator%22%7D%5D\u00bb][vc_column][vc_row_inner css=\u00bb.vc_custom_1698091886568{margin-bottom: 30px !important;}\u00bb][vc_column_inner width=\u00bb1\/2&#8243;][\/vc_column_inner][vc_column_inner width=\u00bb1\/2&#8243;][\/vc_column_inner][\/vc_row_inner][\/vc_column][vc_column width=\u00bb5\/12&#8243; el_class=\u00bbmb-5 mb-lg-0&#8243;][\/vc_column][vc_column width=\u00bb7\/12&#8243; animation_delay=\u00bb2000&#8243;][\/vc_column][\/vc_row]\" \/>\n<meta property=\"og:url\" content=\"https:\/\/greensailor.it\/es\/contacto\/\" \/>\n<meta property=\"og:site_name\" content=\"Antivegetativa per Barche\" \/>\n<meta property=\"article:modified_time\" content=\"2024-01-17T16:38:19+00:00\" \/>\n<meta name=\"twitter:card\" content=\"summary_large_image\" \/>\n<meta name=\"twitter:label1\" content=\"Tiempo de lectura\" \/>\n\t<meta name=\"twitter:data1\" content=\"3 minutos\" \/>\n<script type=\"application\/ld+json\" class=\"yoast-schema-graph\">{\"@context\":\"https:\/\/schema.org\",\"@graph\":[{\"@type\":\"WebPage\",\"@id\":\"https:\/\/greensailor.it\/es\/contacto\/\",\"url\":\"https:\/\/greensailor.it\/es\/contacto\/\",\"name\":\"Contacto - Antivegetativa per Barche\",\"isPartOf\":{\"@id\":\"https:\/\/greensailor.it\/es\/#website\"},\"datePublished\":\"2023-10-23T13:26:54+00:00\",\"dateModified\":\"2024-01-17T16:38:19+00:00\",\"breadcrumb\":{\"@id\":\"https:\/\/greensailor.it\/es\/contacto\/#breadcrumb\"},\"inLanguage\":\"es\",\"potentialAction\":[{\"@type\":\"ReadAction\",\"target\":[\"https:\/\/greensailor.it\/es\/contacto\/\"]}]},{\"@type\":\"BreadcrumbList\",\"@id\":\"https:\/\/greensailor.it\/es\/contacto\/#breadcrumb\",\"itemListElement\":[{\"@type\":\"ListItem\",\"position\":1,\"name\":\"Home\",\"item\":\"https:\/\/greensailor.it\/es\/\"},{\"@type\":\"ListItem\",\"position\":2,\"name\":\"Contacto\"}]},{\"@type\":\"WebSite\",\"@id\":\"https:\/\/greensailor.it\/es\/#website\",\"url\":\"https:\/\/greensailor.it\/es\/\",\"name\":\"Antivegetativa per Barche\",\"description\":\"\",\"potentialAction\":[{\"@type\":\"SearchAction\",\"target\":{\"@type\":\"EntryPoint\",\"urlTemplate\":\"https:\/\/greensailor.it\/es\/?s={search_term_string}\"},\"query-input\":{\"@type\":\"PropertyValueSpecification\",\"valueRequired\":true,\"valueName\":\"search_term_string\"}}],\"inLanguage\":\"es\"}]}<\/script>\n<!-- \/ Yoast SEO plugin. -->","yoast_head_json":{"title":"Contacto - Antivegetativa per Barche","robots":{"index":"index","follow":"follow","max-snippet":"max-snippet:-1","max-image-preview":"max-image-preview:large","max-video-preview":"max-video-preview:-1"},"canonical":"https:\/\/greensailor.it\/es\/contacto\/","og_locale":"es_ES","og_type":"article","og_title":"Contacto - Antivegetativa per Barche","og_description":"[vc_row full_width=\u00bbstretch_row\u00bb gap=\u00bb35&#8243; wrap_container=\u00bbyes\u00bb section_skin=\u00bbparallax\u00bb remove_margin_top=\u00bbyes\u00bb el_class=\u00bbsection1&#8243; css=\u00bb.vc_custom_1698091624857{padding-top: 70px !important;padding-bottom: 70px !important;background-color: #fcfcfc !important;}\u00bb conditional_render=\u00bb%5B%7B%22value_role%22%3A%22administrator%22%7D%5D\u00bb][vc_column][vc_row_inner css=\u00bb.vc_custom_1698091886568{margin-bottom: 30px !important;}\u00bb][vc_column_inner width=\u00bb1\/2&#8243;][\/vc_column_inner][vc_column_inner width=\u00bb1\/2&#8243;][\/vc_column_inner][\/vc_row_inner][\/vc_column][vc_column width=\u00bb5\/12&#8243; el_class=\u00bbmb-5 mb-lg-0&#8243;][\/vc_column][vc_column width=\u00bb7\/12&#8243; animation_delay=\u00bb2000&#8243;][\/vc_column][\/vc_row]","og_url":"https:\/\/greensailor.it\/es\/contacto\/","og_site_name":"Antivegetativa per Barche","article_modified_time":"2024-01-17T16:38:19+00:00","twitter_card":"summary_large_image","twitter_misc":{"Tiempo de lectura":"3 minutos"},"schema":{"@context":"https:\/\/schema.org","@graph":[{"@type":"WebPage","@id":"https:\/\/greensailor.it\/es\/contacto\/","url":"https:\/\/greensailor.it\/es\/contacto\/","name":"Contacto - Antivegetativa per Barche","isPartOf":{"@id":"https:\/\/greensailor.it\/es\/#website"},"datePublished":"2023-10-23T13:26:54+00:00","dateModified":"2024-01-17T16:38:19+00:00","breadcrumb":{"@id":"https:\/\/greensailor.it\/es\/contacto\/#breadcrumb"},"inLanguage":"es","potentialAction":[{"@type":"ReadAction","target":["https:\/\/greensailor.it\/es\/contacto\/"]}]},{"@type":"BreadcrumbList","@id":"https:\/\/greensailor.it\/es\/contacto\/#breadcrumb","itemListElement":[{"@type":"ListItem","position":1,"name":"Home","item":"https:\/\/greensailor.it\/es\/"},{"@type":"ListItem","position":2,"name":"Contacto"}]},{"@type":"WebSite","@id":"https:\/\/greensailor.it\/es\/#website","url":"https:\/\/greensailor.it\/es\/","name":"Antivegetativa per Barche","description":"","potentialAction":[{"@type":"SearchAction","target":{"@type":"EntryPoint","urlTemplate":"https:\/\/greensailor.it\/es\/?s={search_term_string}"},"query-input":{"@type":"PropertyValueSpecification","valueRequired":true,"valueName":"search_term_string"}}],"inLanguage":"es"}]}},"_links":{"self":[{"href":"https:\/\/greensailor.it\/es\/wp-json\/wp\/v2\/pages\/1114","targetHints":{"allow":["GET"]}}],"collection":[{"href":"https:\/\/greensailor.it\/es\/wp-json\/wp\/v2\/pages"}],"about":[{"href":"https:\/\/greensailor.it\/es\/wp-json\/wp\/v2\/types\/page"}],"author":[{"embeddable":true,"href":"https:\/\/greensailor.it\/es\/wp-json\/wp\/v2\/users\/1"}],"replies":[{"embeddable":true,"href":"https:\/\/greensailor.it\/es\/wp-json\/wp\/v2\/comments?post=1114"}],"version-history":[{"count":3,"href":"https:\/\/greensailor.it\/es\/wp-json\/wp\/v2\/pages\/1114\/revisions"}],"predecessor-version":[{"id":1276,"href":"https:\/\/greensailor.it\/es\/wp-json\/wp\/v2\/pages\/1114\/revisions\/1276"}],"wp:attachment":[{"href":"https:\/\/greensailor.it\/es\/wp-json\/wp\/v2\/media?parent=1114"}],"curies":[{"name":"wp","href":"https:\/\/api.w.org\/{rel}","templated":true}]}}