{"id":1122,"date":"2023-10-24T10:03:52","date_gmt":"2023-10-24T08:03:52","guid":{"rendered":"https:\/\/greensailor.it\/greenhull\/"},"modified":"2025-11-01T08:59:43","modified_gmt":"2025-11-01T07:59:43","slug":"greenwhole","status":"publish","type":"page","link":"https:\/\/greensailor.it\/es\/greenwhole\/","title":{"rendered":"Greenwhole"},"content":{"rendered":"<div class=\"wpb-content-wrapper\"><p>[vc_row full_width=\u00bbstretch_row\u00bb wrap_container=\u00bbyes\u00bb is_section=\u00bbyes\u00bb section_skin=\u00bbparallax\u00bb conditional_render=\u00bb%5B%7B%22value_role%22%3A%22administrator%22%7D%5D\u00bb css=\u00bb.vc_custom_1700916347551{background-position: center !important;background-repeat: no-repeat !important;background-size: cover !important;}\u00bb][vc_column css=\u00bb.vc_custom_1700914870275{margin-bottom: 40px !important;}\u00bb conditional_render=\u00bb%5B%7B%22value_role%22%3A%22administrator%22%7D%5D\u00bb]<div class=\"porto-u-heading  wpb_custom_85bff3b4207931c7600519e02675ffcc porto-u-55ca8359258f9a412be7e73af65d2aac \"><div class=\"porto-u-main-heading\"><h2   style=\"color:#000000;margin-bottom: 15px;\">Greenwhole<\/h2><\/div><div class=\"porto-u-sub-heading\" style=\"color: #435889;margin-bottom:20px;\">\n<p style=\"text-align: center;\">Protector anticorrosivo bicomponente contra la suciedad<\/p>\n<p><\/div><style>.porto-u-55ca8359258f9a412be7e73af65d2aac.porto-u-heading{text-align:center}<\/style><\/div>[\/vc_column][vc_column width=\u00bb7\/12&#8243;][vc_row_inner][vc_column_inner width=\u00bb5\/5&#8243;][vc_column_text css=\u00bb\u00bb css_params=\u00bb\u00bb]<span data-olk-copy-source=\"MessageBody\">Greenwhole<\/span> es una soluci\u00f3n innovadora, 100% no contaminante y sostenible para la protecci\u00f3n de embarcaciones. Este producto no contiene cobre, TBT, biocidas ni micropl\u00e1sticos, lo que garantiza que no se produzcan vertidos al mar.<\/p>\n<p>Foul release es una tecnolog\u00eda de nueva generaci\u00f3n que una vez aplicada en el casco de las embarcaciones permite su retirada con gran facilidad, evitando la dispersi\u00f3n del producto en el mar. Esto hace que sea 100% sostenible y no contaminante, ya que protege el medio marino al tiempo que ofrece una serie de ventajas pr\u00e1cticas a los propietarios de embarcaciones.<\/p>\n<p>Al utilizar <span data-olk-copy-source=\"MessageBody\">Greenwhole<\/span>, los propietarios pueden disfrutar de una mayor eficiencia y rendimiento de su embarcaci\u00f3n sin comprometer el ecosistema marino. Su innovadora formulaci\u00f3n garantiza una durabilidad prolongada y un mantenimiento extraordinario reducido, sustituido por ciclos de limpieza regulares para mantener el casco al m\u00e1ximo rendimiento.<\/p>\n<p>Elegir <span data-olk-copy-source=\"MessageBody\">Greenwhole<\/span> significa hacer una elecci\u00f3n responsable con el medio ambiente, una forma segura y eficaz de navegar en armon\u00eda con el mar que amamos.<\/p>\n<p>Este producto de vanguardia representa un gran paso adelante en la tecnolog\u00eda antiincrustante, ofreciendo una soluci\u00f3n eficaz que satisface las necesidades de los navegantes concienciados con el medio ambiente.[\/vc_column_text][\/vc_column_inner][vc_column_inner width=\u00bb1\/5&#8243;][\/vc_column_inner][\/vc_row_inner][\/vc_column][vc_column width=\u00bb5\/12&#8243;][vc_row_inner][vc_column_inner width=\u00bb1\/2&#8243; css=\u00bb.vc_custom_1702320964840{margin-bottom: 30px !important;}\u00bb][vc_single_image image=\u00bb914&#8243; img_size=\u00bbfull\u00bb el_class=\u00bbshadow\u00bb][\/vc_column_inner][vc_column_inner width=\u00bb1\/2&#8243; css=\u00bb.vc_custom_1702320969304{margin-bottom: 30px !important;}\u00bb][vc_single_image image=\u00bb1010&#8243; img_size=\u00bbfull\u00bb el_class=\u00bbshadow\u00bb][\/vc_column_inner][\/vc_row_inner][vc_video link=\u00bbhttps:\/\/youtu.be\/PXRB10aLEUU?si=W80S8w-pxGXBUduz\u00bb][\/vc_column][\/vc_row][vc_row wrap_container=\u00bbyes\u00bb conditional_render=\u00bb%5B%7B%22value_role%22%3A%22administrator%22%7D%5D\u00bb][vc_column width=\u00bb1\/2&#8243;][vc_single_image image=\u00bb1644&#8243; img_size=\u00bbfull\u00bb onclick=\u00bblink_image\u00bb css=\u00bb.vc_custom_1716201439104{padding-bottom: 20px !important;}\u00bb][vc_single_image image=\u00bb1650&#8243; img_size=\u00bbfull\u00bb onclick=\u00bblink_image\u00bb css=\u00bb.vc_custom_1716201446536{padding-bottom: 20px !important;}\u00bb][vc_single_image image=\u00bb1656&#8243; img_size=\u00bbfull\u00bb onclick=\u00bblink_image\u00bb css=\u00bb.vc_custom_1716201452976{padding-bottom: 20px !important;}\u00bb][\/vc_column][vc_column width=\u00bb1\/2&#8243;][vc_single_image image=\u00bb1647&#8243; img_size=\u00bbfull\u00bb onclick=\u00bblink_image\u00bb css=\u00bb.vc_custom_1716201459131{padding-bottom: 20px !important;}\u00bb][vc_single_image image=\u00bb1653&#8243; img_size=\u00bbfull\u00bb onclick=\u00bblink_image\u00bb css=\u00bb.vc_custom_1716201465256{padding-bottom: 20px !important;}\u00bb][vc_single_image image=\u00bb1663&#8243; img_size=\u00bbfull\u00bb onclick=\u00bblink_image\u00bb css=\u00bb.vc_custom_1716201472377{padding-bottom: 20px !important;}\u00bb][\/vc_column][\/vc_row]<\/p>\n<\/div>","protected":false},"excerpt":{"rendered":"<p>[vc_row full_width=\u00bbstretch_row\u00bb wrap_container=\u00bbyes\u00bb is_section=\u00bbyes\u00bb section_skin=\u00bbparallax\u00bb conditional_render=\u00bb%5B%7B%22value_role%22%3A%22administrator%22%7D%5D\u00bb css=\u00bb.vc_custom_1700916347551{background-position: center !important;background-repeat: no-repeat !important;background-size: cover !important;}\u00bb][vc_column css=\u00bb.vc_custom_1700914870275{margin-bottom: 40px !important;}\u00bb conditional_render=\u00bb%5B%7B%22value_role%22%3A%22administrator%22%7D%5D\u00bb][\/vc_column][vc_column width=\u00bb7\/12&#8243;][vc_row_inner][vc_column_inner width=\u00bb5\/5&#8243;][vc_column_text css=\u00bb\u00bb css_params=\u00bb\u00bb]Greenwhole es una soluci\u00f3n innovadora, 100% no contaminante y sostenible para la protecci\u00f3n de embarcaciones. Este producto no contiene cobre, TBT, biocidas ni micropl\u00e1sticos, lo que garantiza que no se produzcan vertidos al mar. Foul [&hellip;]<\/p>\n","protected":false},"author":1,"featured_media":0,"parent":0,"menu_order":0,"comment_status":"closed","ping_status":"closed","template":"","meta":{"inline_featured_image":false,"footnotes":""},"class_list":["post-1122","page","type-page","status-publish","hentry"],"yoast_head":"<!-- This site is optimized with the Yoast SEO plugin v26.7 - https:\/\/yoast.com\/wordpress\/plugins\/seo\/ -->\n<title>Greenwhole - Antivegetativa per Barche<\/title>\n<meta name=\"robots\" content=\"index, follow, max-snippet:-1, max-image-preview:large, max-video-preview:-1\" \/>\n<link rel=\"canonical\" href=\"https:\/\/greensailor.it\/es\/greenwhole\/\" \/>\n<meta property=\"og:locale\" content=\"es_ES\" \/>\n<meta property=\"og:type\" content=\"article\" \/>\n<meta property=\"og:title\" content=\"Greenwhole - Antivegetativa per Barche\" \/>\n<meta property=\"og:description\" content=\"[vc_row full_width=\u00bbstretch_row\u00bb wrap_container=\u00bbyes\u00bb is_section=\u00bbyes\u00bb section_skin=\u00bbparallax\u00bb conditional_render=\u00bb%5B%7B%22value_role%22%3A%22administrator%22%7D%5D\u00bb css=\u00bb.vc_custom_1700916347551{background-position: center !important;background-repeat: no-repeat !important;background-size: cover !important;}\u00bb][vc_column css=\u00bb.vc_custom_1700914870275{margin-bottom: 40px !important;}\u00bb conditional_render=\u00bb%5B%7B%22value_role%22%3A%22administrator%22%7D%5D\u00bb][\/vc_column][vc_column width=\u00bb7\/12&#8243;][vc_row_inner][vc_column_inner width=\u00bb5\/5&#8243;][vc_column_text css=\u00bb\u00bb css_params=\u00bb\u00bb]Greenwhole es una soluci\u00f3n innovadora, 100% no contaminante y sostenible para la protecci\u00f3n de embarcaciones. Este producto no contiene cobre, TBT, biocidas ni micropl\u00e1sticos, lo que garantiza que no se produzcan vertidos al mar. Foul [&hellip;]\" \/>\n<meta property=\"og:url\" content=\"https:\/\/greensailor.it\/es\/greenwhole\/\" \/>\n<meta property=\"og:site_name\" content=\"Antivegetativa per Barche\" \/>\n<meta property=\"article:modified_time\" content=\"2025-11-01T07:59:43+00:00\" \/>\n<meta name=\"twitter:card\" content=\"summary_large_image\" \/>\n<meta name=\"twitter:label1\" content=\"Tiempo de lectura\" \/>\n\t<meta name=\"twitter:data1\" content=\"2 minutos\" \/>\n<script type=\"application\/ld+json\" class=\"yoast-schema-graph\">{\"@context\":\"https:\/\/schema.org\",\"@graph\":[{\"@type\":\"WebPage\",\"@id\":\"https:\/\/greensailor.it\/es\/greenwhole\/\",\"url\":\"https:\/\/greensailor.it\/es\/greenwhole\/\",\"name\":\"Greenwhole - Antivegetativa per Barche\",\"isPartOf\":{\"@id\":\"https:\/\/greensailor.it\/es\/#website\"},\"datePublished\":\"2023-10-24T08:03:52+00:00\",\"dateModified\":\"2025-11-01T07:59:43+00:00\",\"breadcrumb\":{\"@id\":\"https:\/\/greensailor.it\/es\/greenwhole\/#breadcrumb\"},\"inLanguage\":\"es\",\"potentialAction\":[{\"@type\":\"ReadAction\",\"target\":[\"https:\/\/greensailor.it\/es\/greenwhole\/\"]}]},{\"@type\":\"BreadcrumbList\",\"@id\":\"https:\/\/greensailor.it\/es\/greenwhole\/#breadcrumb\",\"itemListElement\":[{\"@type\":\"ListItem\",\"position\":1,\"name\":\"Home\",\"item\":\"https:\/\/greensailor.it\/es\/\"},{\"@type\":\"ListItem\",\"position\":2,\"name\":\"Greenwhole\"}]},{\"@type\":\"WebSite\",\"@id\":\"https:\/\/greensailor.it\/es\/#website\",\"url\":\"https:\/\/greensailor.it\/es\/\",\"name\":\"Antivegetativa per Barche\",\"description\":\"\",\"potentialAction\":[{\"@type\":\"SearchAction\",\"target\":{\"@type\":\"EntryPoint\",\"urlTemplate\":\"https:\/\/greensailor.it\/es\/?s={search_term_string}\"},\"query-input\":{\"@type\":\"PropertyValueSpecification\",\"valueRequired\":true,\"valueName\":\"search_term_string\"}}],\"inLanguage\":\"es\"}]}<\/script>\n<!-- \/ Yoast SEO plugin. -->","yoast_head_json":{"title":"Greenwhole - Antivegetativa per Barche","robots":{"index":"index","follow":"follow","max-snippet":"max-snippet:-1","max-image-preview":"max-image-preview:large","max-video-preview":"max-video-preview:-1"},"canonical":"https:\/\/greensailor.it\/es\/greenwhole\/","og_locale":"es_ES","og_type":"article","og_title":"Greenwhole - Antivegetativa per Barche","og_description":"[vc_row full_width=\u00bbstretch_row\u00bb wrap_container=\u00bbyes\u00bb is_section=\u00bbyes\u00bb section_skin=\u00bbparallax\u00bb conditional_render=\u00bb%5B%7B%22value_role%22%3A%22administrator%22%7D%5D\u00bb css=\u00bb.vc_custom_1700916347551{background-position: center !important;background-repeat: no-repeat !important;background-size: cover !important;}\u00bb][vc_column css=\u00bb.vc_custom_1700914870275{margin-bottom: 40px !important;}\u00bb conditional_render=\u00bb%5B%7B%22value_role%22%3A%22administrator%22%7D%5D\u00bb][\/vc_column][vc_column width=\u00bb7\/12&#8243;][vc_row_inner][vc_column_inner width=\u00bb5\/5&#8243;][vc_column_text css=\u00bb\u00bb css_params=\u00bb\u00bb]Greenwhole es una soluci\u00f3n innovadora, 100% no contaminante y sostenible para la protecci\u00f3n de embarcaciones. Este producto no contiene cobre, TBT, biocidas ni micropl\u00e1sticos, lo que garantiza que no se produzcan vertidos al mar. Foul [&hellip;]","og_url":"https:\/\/greensailor.it\/es\/greenwhole\/","og_site_name":"Antivegetativa per Barche","article_modified_time":"2025-11-01T07:59:43+00:00","twitter_card":"summary_large_image","twitter_misc":{"Tiempo de lectura":"2 minutos"},"schema":{"@context":"https:\/\/schema.org","@graph":[{"@type":"WebPage","@id":"https:\/\/greensailor.it\/es\/greenwhole\/","url":"https:\/\/greensailor.it\/es\/greenwhole\/","name":"Greenwhole - Antivegetativa per Barche","isPartOf":{"@id":"https:\/\/greensailor.it\/es\/#website"},"datePublished":"2023-10-24T08:03:52+00:00","dateModified":"2025-11-01T07:59:43+00:00","breadcrumb":{"@id":"https:\/\/greensailor.it\/es\/greenwhole\/#breadcrumb"},"inLanguage":"es","potentialAction":[{"@type":"ReadAction","target":["https:\/\/greensailor.it\/es\/greenwhole\/"]}]},{"@type":"BreadcrumbList","@id":"https:\/\/greensailor.it\/es\/greenwhole\/#breadcrumb","itemListElement":[{"@type":"ListItem","position":1,"name":"Home","item":"https:\/\/greensailor.it\/es\/"},{"@type":"ListItem","position":2,"name":"Greenwhole"}]},{"@type":"WebSite","@id":"https:\/\/greensailor.it\/es\/#website","url":"https:\/\/greensailor.it\/es\/","name":"Antivegetativa per Barche","description":"","potentialAction":[{"@type":"SearchAction","target":{"@type":"EntryPoint","urlTemplate":"https:\/\/greensailor.it\/es\/?s={search_term_string}"},"query-input":{"@type":"PropertyValueSpecification","valueRequired":true,"valueName":"search_term_string"}}],"inLanguage":"es"}]}},"_links":{"self":[{"href":"https:\/\/greensailor.it\/es\/wp-json\/wp\/v2\/pages\/1122","targetHints":{"allow":["GET"]}}],"collection":[{"href":"https:\/\/greensailor.it\/es\/wp-json\/wp\/v2\/pages"}],"about":[{"href":"https:\/\/greensailor.it\/es\/wp-json\/wp\/v2\/types\/page"}],"author":[{"embeddable":true,"href":"https:\/\/greensailor.it\/es\/wp-json\/wp\/v2\/users\/1"}],"replies":[{"embeddable":true,"href":"https:\/\/greensailor.it\/es\/wp-json\/wp\/v2\/comments?post=1122"}],"version-history":[{"count":5,"href":"https:\/\/greensailor.it\/es\/wp-json\/wp\/v2\/pages\/1122\/revisions"}],"predecessor-version":[{"id":1943,"href":"https:\/\/greensailor.it\/es\/wp-json\/wp\/v2\/pages\/1122\/revisions\/1943"}],"wp:attachment":[{"href":"https:\/\/greensailor.it\/es\/wp-json\/wp\/v2\/media?parent=1122"}],"curies":[{"name":"wp","href":"https:\/\/api.w.org\/{rel}","templated":true}]}}