{"id":1124,"date":"2023-10-23T16:24:22","date_gmt":"2023-10-23T14:24:22","guid":{"rendered":"https:\/\/greensailor.it\/greenprop\/"},"modified":"2023-12-30T00:11:53","modified_gmt":"2023-12-29T23:11:53","slug":"greenprop","status":"publish","type":"page","link":"https:\/\/greensailor.it\/es\/greenprop\/","title":{"rendered":"Greenprop"},"content":{"rendered":"<div class=\"wpb-content-wrapper\"><p>[vc_row full_width=\u00bbstretch_row\u00bb wrap_container=\u00bbyes\u00bb is_section=\u00bbyes\u00bb section_skin=\u00bbparallax\u00bb conditional_render=\u00bb%5B%7B%22value_role%22%3A%22administrator%22%7D%5D\u00bb][vc_column css=\u00bb.vc_custom_1700914870275{margin-bottom: 40px !important;}\u00bb conditional_render=\u00bb%5B%7B%22value_role%22%3A%22administrator%22%7D%5D\u00bb][vc_row_inner][vc_column_inner width=\u00bb1\/6&#8243;][\/vc_column_inner][vc_column_inner width=\u00bb2\/3&#8243;]<div class=\"porto-u-heading  wpb_custom_85bff3b4207931c7600519e02675ffcc porto-u-55ca8359258f9a412be7e73af65d2aac \"><div class=\"porto-u-main-heading\"><h2   style=\"color:#000000;margin-bottom: 15px;\">Greenprop<\/h2><\/div><div class=\"porto-u-sub-heading\" style=\"color: #435889;margin-bottom:20px;\">\n<p style=\"text-align: center;\">Greenprop es un producto transparente y pigmentable para metales sumergidos, incluidos ejes y h\u00e9lices.<\/p>\n<p><\/div><style>.porto-u-55ca8359258f9a412be7e73af65d2aac.porto-u-heading{text-align:center}<\/style><\/div>[\/vc_column_inner][vc_column_inner width=\u00bb1\/6&#8243;][\/vc_column_inner][\/vc_row_inner][\/vc_column][vc_column width=\u00bb6\/12&#8243;][vc_row_inner][vc_column_inner width=\u00bb11\/12&#8243;][vc_column_text]Bienvenido al mundo de Greenprop, el sistema de protecci\u00f3n m\u00e1s avanzado para acero, h\u00e9lices y metales sumergidos. En un momento en que la sostenibilidad medioambiental se ha convertido en una prioridad absoluta, Greenprop destaca como una soluci\u00f3n ecol\u00f3gicamente sostenible para la protecci\u00f3n de materiales sumergidos.<\/p>\n<p>Con Greenprop, no s\u00f3lo proporcionamos una protecci\u00f3n eficaz contra el desgaste y la corrosi\u00f3n de aceros y h\u00e9lices, sino que lo hacemos sin comprometer el medio ambiente circundante. Nuestro sistema de liberaci\u00f3n de suciedad est\u00e1 dise\u00f1ado para evitar cualquier emisi\u00f3n nociva al agua, preservando as\u00ed la integridad de los ecosistemas marinos.<\/p>\n<p>El uso del sistema Greenprop ofrece numerosas ventajas tanto para los buques como para el medio ambiente. Al minimizar los efectos nocivos de los dep\u00f3sitos marinos en aceros y h\u00e9lices, podemos prolongar la vida \u00fatil de estos valiosos materiales. Esto se traduce en un menor consumo de recursos naturales y menos residuos derivados de la sustituci\u00f3n frecuente de piezas da\u00f1adas.<\/p>\n<p>Adem\u00e1s, por su naturaleza ecol\u00f3gica, el sistema Greenprop puede contribuir a la obtenci\u00f3n de importantes certificaciones medioambientales para los buques o instalaciones que lo utilicen. Esto no s\u00f3lo demuestra un compromiso concreto con la protecci\u00f3n del medio ambiente, sino que tambi\u00e9n puede suponer una ventaja competitiva en el sector mar\u00edtimo.<\/p>\n<p>Elegir Greenprop significa hacer una elecci\u00f3n responsable para el futuro de nuestro planeta. Con nuestro sistema de protecci\u00f3n, podemos preservar la belleza y la integridad de los oc\u00e9anos y los mares, permitiendo que los barcos naveguen de forma sostenible y sin da\u00f1ar el medio ambiente.<\/p>\n<p>\u00danase a nosotros para promover una visi\u00f3n de progreso que abarque la protecci\u00f3n del medio ambiente. Descubra c\u00f3mo Greenprop puede transformar su experiencia mar\u00edtima ofreci\u00e9ndole una soluci\u00f3n eficaz, medioambientalmente sostenible e inflexible para proteger el acero, las h\u00e9lices y los metales sumergidos.protecci\u00f3n del medio ambiente, sino que tambi\u00e9n puede proporcionar una ventaja competitiva en la industria mar\u00edtima.[\/vc_column_text][\/vc_column_inner][vc_column_inner width=\u00bb1\/12&#8243;][\/vc_column_inner][\/vc_row_inner][\/vc_column][vc_column width=\u00bb6\/12&#8243;][vc_video link=\u00bbhttps:\/\/youtu.be\/SYTfi4CNEDo?si=KNsayvb6DWtP7qYr\u00bb][vc_row_inner][vc_column_inner width=\u00bb1\/2&#8243;][vc_single_image image=\u00bb678&#8243; img_size=\u00bbfull\u00bb el_class=\u00bbshadow\u00bb][\/vc_column_inner][vc_column_inner width=\u00bb1\/2&#8243;][vc_single_image image=\u00bb423&#8243; img_size=\u00bbfull\u00bb el_class=\u00bbshadow\u00bb][\/vc_column_inner][\/vc_row_inner][\/vc_column][\/vc_row]<\/p>\n<\/div>","protected":false},"excerpt":{"rendered":"<p>[vc_row full_width=\u00bbstretch_row\u00bb wrap_container=\u00bbyes\u00bb is_section=\u00bbyes\u00bb section_skin=\u00bbparallax\u00bb conditional_render=\u00bb%5B%7B%22value_role%22%3A%22administrator%22%7D%5D\u00bb][vc_column css=\u00bb.vc_custom_1700914870275{margin-bottom: 40px !important;}\u00bb conditional_render=\u00bb%5B%7B%22value_role%22%3A%22administrator%22%7D%5D\u00bb][vc_row_inner][vc_column_inner width=\u00bb1\/6&#8243;][\/vc_column_inner][vc_column_inner width=\u00bb2\/3&#8243;][\/vc_column_inner][vc_column_inner width=\u00bb1\/6&#8243;][\/vc_column_inner][\/vc_row_inner][\/vc_column][vc_column width=\u00bb6\/12&#8243;][vc_row_inner][vc_column_inner width=\u00bb11\/12&#8243;][vc_column_text]Bienvenido al mundo de Greenprop, el sistema de protecci\u00f3n m\u00e1s avanzado para acero, h\u00e9lices y metales sumergidos. En un momento en que la sostenibilidad medioambiental se ha convertido en una prioridad absoluta, Greenprop destaca como una soluci\u00f3n ecol\u00f3gicamente sostenible para la [&hellip;]<\/p>\n","protected":false},"author":1,"featured_media":0,"parent":0,"menu_order":0,"comment_status":"closed","ping_status":"closed","template":"","meta":{"inline_featured_image":false,"footnotes":""},"class_list":["post-1124","page","type-page","status-publish","hentry"],"yoast_head":"<!-- This site is optimized with the Yoast SEO plugin v26.7 - https:\/\/yoast.com\/wordpress\/plugins\/seo\/ -->\n<title>Greenprop - Antivegetativa per Barche<\/title>\n<meta name=\"robots\" content=\"index, follow, max-snippet:-1, max-image-preview:large, max-video-preview:-1\" \/>\n<link rel=\"canonical\" href=\"https:\/\/greensailor.it\/es\/greenprop\/\" \/>\n<meta property=\"og:locale\" content=\"es_ES\" \/>\n<meta property=\"og:type\" content=\"article\" \/>\n<meta property=\"og:title\" content=\"Greenprop - Antivegetativa per Barche\" \/>\n<meta property=\"og:description\" content=\"[vc_row full_width=\u00bbstretch_row\u00bb wrap_container=\u00bbyes\u00bb is_section=\u00bbyes\u00bb section_skin=\u00bbparallax\u00bb conditional_render=\u00bb%5B%7B%22value_role%22%3A%22administrator%22%7D%5D\u00bb][vc_column css=\u00bb.vc_custom_1700914870275{margin-bottom: 40px !important;}\u00bb conditional_render=\u00bb%5B%7B%22value_role%22%3A%22administrator%22%7D%5D\u00bb][vc_row_inner][vc_column_inner width=\u00bb1\/6&#8243;][\/vc_column_inner][vc_column_inner width=\u00bb2\/3&#8243;][\/vc_column_inner][vc_column_inner width=\u00bb1\/6&#8243;][\/vc_column_inner][\/vc_row_inner][\/vc_column][vc_column width=\u00bb6\/12&#8243;][vc_row_inner][vc_column_inner width=\u00bb11\/12&#8243;][vc_column_text]Bienvenido al mundo de Greenprop, el sistema de protecci\u00f3n m\u00e1s avanzado para acero, h\u00e9lices y metales sumergidos. En un momento en que la sostenibilidad medioambiental se ha convertido en una prioridad absoluta, Greenprop destaca como una soluci\u00f3n ecol\u00f3gicamente sostenible para la [&hellip;]\" \/>\n<meta property=\"og:url\" content=\"https:\/\/greensailor.it\/es\/greenprop\/\" \/>\n<meta property=\"og:site_name\" content=\"Antivegetativa per Barche\" \/>\n<meta property=\"article:modified_time\" content=\"2023-12-29T23:11:53+00:00\" \/>\n<meta name=\"twitter:card\" content=\"summary_large_image\" \/>\n<meta name=\"twitter:label1\" content=\"Tiempo de lectura\" \/>\n\t<meta name=\"twitter:data1\" content=\"3 minutos\" \/>\n<script type=\"application\/ld+json\" class=\"yoast-schema-graph\">{\"@context\":\"https:\/\/schema.org\",\"@graph\":[{\"@type\":\"WebPage\",\"@id\":\"https:\/\/greensailor.it\/es\/greenprop\/\",\"url\":\"https:\/\/greensailor.it\/es\/greenprop\/\",\"name\":\"Greenprop - Antivegetativa per Barche\",\"isPartOf\":{\"@id\":\"https:\/\/greensailor.it\/es\/#website\"},\"datePublished\":\"2023-10-23T14:24:22+00:00\",\"dateModified\":\"2023-12-29T23:11:53+00:00\",\"breadcrumb\":{\"@id\":\"https:\/\/greensailor.it\/es\/greenprop\/#breadcrumb\"},\"inLanguage\":\"es\",\"potentialAction\":[{\"@type\":\"ReadAction\",\"target\":[\"https:\/\/greensailor.it\/es\/greenprop\/\"]}]},{\"@type\":\"BreadcrumbList\",\"@id\":\"https:\/\/greensailor.it\/es\/greenprop\/#breadcrumb\",\"itemListElement\":[{\"@type\":\"ListItem\",\"position\":1,\"name\":\"Home\",\"item\":\"https:\/\/greensailor.it\/es\/\"},{\"@type\":\"ListItem\",\"position\":2,\"name\":\"Greenprop\"}]},{\"@type\":\"WebSite\",\"@id\":\"https:\/\/greensailor.it\/es\/#website\",\"url\":\"https:\/\/greensailor.it\/es\/\",\"name\":\"Antivegetativa per Barche\",\"description\":\"\",\"potentialAction\":[{\"@type\":\"SearchAction\",\"target\":{\"@type\":\"EntryPoint\",\"urlTemplate\":\"https:\/\/greensailor.it\/es\/?s={search_term_string}\"},\"query-input\":{\"@type\":\"PropertyValueSpecification\",\"valueRequired\":true,\"valueName\":\"search_term_string\"}}],\"inLanguage\":\"es\"}]}<\/script>\n<!-- \/ Yoast SEO plugin. -->","yoast_head_json":{"title":"Greenprop - Antivegetativa per Barche","robots":{"index":"index","follow":"follow","max-snippet":"max-snippet:-1","max-image-preview":"max-image-preview:large","max-video-preview":"max-video-preview:-1"},"canonical":"https:\/\/greensailor.it\/es\/greenprop\/","og_locale":"es_ES","og_type":"article","og_title":"Greenprop - Antivegetativa per Barche","og_description":"[vc_row full_width=\u00bbstretch_row\u00bb wrap_container=\u00bbyes\u00bb is_section=\u00bbyes\u00bb section_skin=\u00bbparallax\u00bb conditional_render=\u00bb%5B%7B%22value_role%22%3A%22administrator%22%7D%5D\u00bb][vc_column css=\u00bb.vc_custom_1700914870275{margin-bottom: 40px !important;}\u00bb conditional_render=\u00bb%5B%7B%22value_role%22%3A%22administrator%22%7D%5D\u00bb][vc_row_inner][vc_column_inner width=\u00bb1\/6&#8243;][\/vc_column_inner][vc_column_inner width=\u00bb2\/3&#8243;][\/vc_column_inner][vc_column_inner width=\u00bb1\/6&#8243;][\/vc_column_inner][\/vc_row_inner][\/vc_column][vc_column width=\u00bb6\/12&#8243;][vc_row_inner][vc_column_inner width=\u00bb11\/12&#8243;][vc_column_text]Bienvenido al mundo de Greenprop, el sistema de protecci\u00f3n m\u00e1s avanzado para acero, h\u00e9lices y metales sumergidos. En un momento en que la sostenibilidad medioambiental se ha convertido en una prioridad absoluta, Greenprop destaca como una soluci\u00f3n ecol\u00f3gicamente sostenible para la [&hellip;]","og_url":"https:\/\/greensailor.it\/es\/greenprop\/","og_site_name":"Antivegetativa per Barche","article_modified_time":"2023-12-29T23:11:53+00:00","twitter_card":"summary_large_image","twitter_misc":{"Tiempo de lectura":"3 minutos"},"schema":{"@context":"https:\/\/schema.org","@graph":[{"@type":"WebPage","@id":"https:\/\/greensailor.it\/es\/greenprop\/","url":"https:\/\/greensailor.it\/es\/greenprop\/","name":"Greenprop - Antivegetativa per Barche","isPartOf":{"@id":"https:\/\/greensailor.it\/es\/#website"},"datePublished":"2023-10-23T14:24:22+00:00","dateModified":"2023-12-29T23:11:53+00:00","breadcrumb":{"@id":"https:\/\/greensailor.it\/es\/greenprop\/#breadcrumb"},"inLanguage":"es","potentialAction":[{"@type":"ReadAction","target":["https:\/\/greensailor.it\/es\/greenprop\/"]}]},{"@type":"BreadcrumbList","@id":"https:\/\/greensailor.it\/es\/greenprop\/#breadcrumb","itemListElement":[{"@type":"ListItem","position":1,"name":"Home","item":"https:\/\/greensailor.it\/es\/"},{"@type":"ListItem","position":2,"name":"Greenprop"}]},{"@type":"WebSite","@id":"https:\/\/greensailor.it\/es\/#website","url":"https:\/\/greensailor.it\/es\/","name":"Antivegetativa per Barche","description":"","potentialAction":[{"@type":"SearchAction","target":{"@type":"EntryPoint","urlTemplate":"https:\/\/greensailor.it\/es\/?s={search_term_string}"},"query-input":{"@type":"PropertyValueSpecification","valueRequired":true,"valueName":"search_term_string"}}],"inLanguage":"es"}]}},"_links":{"self":[{"href":"https:\/\/greensailor.it\/es\/wp-json\/wp\/v2\/pages\/1124","targetHints":{"allow":["GET"]}}],"collection":[{"href":"https:\/\/greensailor.it\/es\/wp-json\/wp\/v2\/pages"}],"about":[{"href":"https:\/\/greensailor.it\/es\/wp-json\/wp\/v2\/types\/page"}],"author":[{"embeddable":true,"href":"https:\/\/greensailor.it\/es\/wp-json\/wp\/v2\/users\/1"}],"replies":[{"embeddable":true,"href":"https:\/\/greensailor.it\/es\/wp-json\/wp\/v2\/comments?post=1124"}],"version-history":[{"count":3,"href":"https:\/\/greensailor.it\/es\/wp-json\/wp\/v2\/pages\/1124\/revisions"}],"predecessor-version":[{"id":1138,"href":"https:\/\/greensailor.it\/es\/wp-json\/wp\/v2\/pages\/1124\/revisions\/1138"}],"wp:attachment":[{"href":"https:\/\/greensailor.it\/es\/wp-json\/wp\/v2\/media?parent=1124"}],"curies":[{"name":"wp","href":"https:\/\/api.w.org\/{rel}","templated":true}]}}