{"id":1127,"date":"2023-11-25T13:24:18","date_gmt":"2023-11-25T12:24:18","guid":{"rendered":"https:\/\/greensailor.it\/greentender\/"},"modified":"2023-12-30T00:12:03","modified_gmt":"2023-12-29T23:12:03","slug":"greentender","status":"publish","type":"page","link":"https:\/\/greensailor.it\/es\/greentender\/","title":{"rendered":"Greentender"},"content":{"rendered":"<div class=\"wpb-content-wrapper\"><p>[vc_row full_width=\u00bbstretch_row\u00bb wrap_container=\u00bbyes\u00bb is_section=\u00bbyes\u00bb section_skin=\u00bbparallax\u00bb conditional_render=\u00bb%5B%7B%22value_role%22%3A%22administrator%22%7D%5D\u00bb][vc_column css=\u00bb.vc_custom_1700914870275{margin-bottom: 40px !important;}\u00bb conditional_render=\u00bb%5B%7B%22value_role%22%3A%22administrator%22%7D%5D\u00bb]<div class=\"porto-u-heading  wpb_custom_85bff3b4207931c7600519e02675ffcc porto-u-55ca8359258f9a412be7e73af65d2aac \"><div class=\"porto-u-main-heading\"><h2   style=\"color:#000000;margin-bottom: 15px;\">Greentender<\/h2><\/div><div class=\"porto-u-sub-heading\" style=\"color: #435889;margin-bottom:20px;\">\n<p style=\"text-align: center;\">Tratamiento de protecci\u00f3n y barnizado para embarcaciones neum\u00e1ticas y auxiliares sin emisiones al agua<\/p>\n<p><\/div><style>.porto-u-55ca8359258f9a412be7e73af65d2aac.porto-u-heading{text-align:center}<\/style><\/div>[\/vc_column][vc_column width=\u00bb6\/12&#8243;][vc_row_inner][vc_column_inner width=\u00bb11\/12&#8243;][vc_column_text]Bienvenido a la secci\u00f3n dedicada a Greentender, el tratamiento de protecci\u00f3n y barnizado para embarcaciones neum\u00e1ticas y auxiliares. En esta secci\u00f3n exploraremos las ventajas de utilizar Greentender como soluci\u00f3n no contaminante para la protecci\u00f3n y el barnizado de sus embarcaciones neum\u00e1ticas.<\/p>\n<p>Una de las caracter\u00edsticas distintivas de Greentender es su excelente protecci\u00f3n contra los agentes atmosf\u00e9ricos como los rayos UV, la salinidad del agua y la oxidaci\u00f3n, lo que facilita enormemente la limpieza diaria. Su avanzada f\u00f3rmula permite prolongar la vida de la pintura en las superficies hinchables, garantizando una mayor resistencia a la corrosi\u00f3n y a los efectos negativos de la exposici\u00f3n prolongada al agua salada.<\/p>\n<p>Ya durante la aplicaci\u00f3n, descubrir\u00e1 la presencia de microagujeros por los que escapa aire a presi\u00f3n, lo que hace necesario reintroducir aire con frecuencia. Pues bien, estos agujeros quedar\u00e1n sellados para siempre por Greentender, haciendo m\u00e1s agradable el uso de su embarcaci\u00f3n auxiliar.<\/p>\n<p>Adem\u00e1s de su eficacia protectora, Greentender tambi\u00e9n ofrece una amplia gama de colores y acabados para adaptarse a sus preferencias est\u00e9ticas. Tanto si desea un aspecto cl\u00e1sico como moderno para su embarcaci\u00f3n, Greentender le ofrece la flexibilidad de personalizar su embarcaci\u00f3n auxiliar de acuerdo con su estilo \u00fanico.<\/p>\n<p>En conclusi\u00f3n, si busca un tratamiento de protecci\u00f3n y barnizado ecol\u00f3gico para embarcaciones hinchables y auxiliares, Greentender es la soluci\u00f3n ideal. Gracias a Greentender, podr\u00e1 disfrutar de sus aventuras marinas sabiendo que est\u00e1 haciendo una elecci\u00f3n fiable.[\/vc_column_text][\/vc_column_inner][vc_column_inner width=\u00bb1\/12&#8243;][\/vc_column_inner][\/vc_row_inner][\/vc_column][vc_column width=\u00bb6\/12&#8243;][vc_video link=\u00bbhttps:\/\/youtu.be\/S1rvE-VQhls?si=VPH_S2nDHEr2teSM\u00bb][vc_row_inner][vc_column_inner width=\u00bb1\/2&#8243;][vc_single_image image=\u00bb701&#8243; img_size=\u00bbfull\u00bb el_class=\u00bbshadow\u00bb][\/vc_column_inner][vc_column_inner width=\u00bb1\/2&#8243;][vc_single_image image=\u00bb419&#8243; img_size=\u00bbfull\u00bb el_class=\u00bbshadow\u00bb][\/vc_column_inner][\/vc_row_inner][\/vc_column][\/vc_row]<\/p>\n<\/div>","protected":false},"excerpt":{"rendered":"<p>[vc_row full_width=\u00bbstretch_row\u00bb wrap_container=\u00bbyes\u00bb is_section=\u00bbyes\u00bb section_skin=\u00bbparallax\u00bb conditional_render=\u00bb%5B%7B%22value_role%22%3A%22administrator%22%7D%5D\u00bb][vc_column css=\u00bb.vc_custom_1700914870275{margin-bottom: 40px !important;}\u00bb conditional_render=\u00bb%5B%7B%22value_role%22%3A%22administrator%22%7D%5D\u00bb][\/vc_column][vc_column width=\u00bb6\/12&#8243;][vc_row_inner][vc_column_inner width=\u00bb11\/12&#8243;][vc_column_text]Bienvenido a la secci\u00f3n dedicada a Greentender, el tratamiento de protecci\u00f3n y barnizado para embarcaciones neum\u00e1ticas y auxiliares. En esta secci\u00f3n exploraremos las ventajas de utilizar Greentender como soluci\u00f3n no contaminante para la protecci\u00f3n y el barnizado de sus embarcaciones neum\u00e1ticas. Una de las [&hellip;]<\/p>\n","protected":false},"author":1,"featured_media":0,"parent":0,"menu_order":0,"comment_status":"closed","ping_status":"closed","template":"","meta":{"inline_featured_image":false,"footnotes":""},"class_list":["post-1127","page","type-page","status-publish","hentry"],"yoast_head":"<!-- This site is optimized with the Yoast SEO plugin v26.7 - https:\/\/yoast.com\/wordpress\/plugins\/seo\/ -->\n<title>Greentender - Antivegetativa per Barche<\/title>\n<meta name=\"robots\" content=\"index, follow, max-snippet:-1, max-image-preview:large, max-video-preview:-1\" \/>\n<link rel=\"canonical\" href=\"https:\/\/greensailor.it\/es\/greentender\/\" \/>\n<meta property=\"og:locale\" content=\"es_ES\" \/>\n<meta property=\"og:type\" content=\"article\" \/>\n<meta property=\"og:title\" content=\"Greentender - Antivegetativa per Barche\" \/>\n<meta property=\"og:description\" content=\"[vc_row full_width=\u00bbstretch_row\u00bb wrap_container=\u00bbyes\u00bb is_section=\u00bbyes\u00bb section_skin=\u00bbparallax\u00bb conditional_render=\u00bb%5B%7B%22value_role%22%3A%22administrator%22%7D%5D\u00bb][vc_column css=\u00bb.vc_custom_1700914870275{margin-bottom: 40px !important;}\u00bb conditional_render=\u00bb%5B%7B%22value_role%22%3A%22administrator%22%7D%5D\u00bb][\/vc_column][vc_column width=\u00bb6\/12&#8243;][vc_row_inner][vc_column_inner width=\u00bb11\/12&#8243;][vc_column_text]Bienvenido a la secci\u00f3n dedicada a Greentender, el tratamiento de protecci\u00f3n y barnizado para embarcaciones neum\u00e1ticas y auxiliares. En esta secci\u00f3n exploraremos las ventajas de utilizar Greentender como soluci\u00f3n no contaminante para la protecci\u00f3n y el barnizado de sus embarcaciones neum\u00e1ticas. Una de las [&hellip;]\" \/>\n<meta property=\"og:url\" content=\"https:\/\/greensailor.it\/es\/greentender\/\" \/>\n<meta property=\"og:site_name\" content=\"Antivegetativa per Barche\" \/>\n<meta property=\"article:modified_time\" content=\"2023-12-29T23:12:03+00:00\" \/>\n<meta name=\"twitter:card\" content=\"summary_large_image\" \/>\n<meta name=\"twitter:label1\" content=\"Tiempo de lectura\" \/>\n\t<meta name=\"twitter:data1\" content=\"2 minutos\" \/>\n<script type=\"application\/ld+json\" class=\"yoast-schema-graph\">{\"@context\":\"https:\/\/schema.org\",\"@graph\":[{\"@type\":\"WebPage\",\"@id\":\"https:\/\/greensailor.it\/es\/greentender\/\",\"url\":\"https:\/\/greensailor.it\/es\/greentender\/\",\"name\":\"Greentender - Antivegetativa per Barche\",\"isPartOf\":{\"@id\":\"https:\/\/greensailor.it\/es\/#website\"},\"datePublished\":\"2023-11-25T12:24:18+00:00\",\"dateModified\":\"2023-12-29T23:12:03+00:00\",\"breadcrumb\":{\"@id\":\"https:\/\/greensailor.it\/es\/greentender\/#breadcrumb\"},\"inLanguage\":\"es\",\"potentialAction\":[{\"@type\":\"ReadAction\",\"target\":[\"https:\/\/greensailor.it\/es\/greentender\/\"]}]},{\"@type\":\"BreadcrumbList\",\"@id\":\"https:\/\/greensailor.it\/es\/greentender\/#breadcrumb\",\"itemListElement\":[{\"@type\":\"ListItem\",\"position\":1,\"name\":\"Home\",\"item\":\"https:\/\/greensailor.it\/es\/\"},{\"@type\":\"ListItem\",\"position\":2,\"name\":\"Greentender\"}]},{\"@type\":\"WebSite\",\"@id\":\"https:\/\/greensailor.it\/es\/#website\",\"url\":\"https:\/\/greensailor.it\/es\/\",\"name\":\"Antivegetativa per Barche\",\"description\":\"\",\"potentialAction\":[{\"@type\":\"SearchAction\",\"target\":{\"@type\":\"EntryPoint\",\"urlTemplate\":\"https:\/\/greensailor.it\/es\/?s={search_term_string}\"},\"query-input\":{\"@type\":\"PropertyValueSpecification\",\"valueRequired\":true,\"valueName\":\"search_term_string\"}}],\"inLanguage\":\"es\"}]}<\/script>\n<!-- \/ Yoast SEO plugin. -->","yoast_head_json":{"title":"Greentender - Antivegetativa per Barche","robots":{"index":"index","follow":"follow","max-snippet":"max-snippet:-1","max-image-preview":"max-image-preview:large","max-video-preview":"max-video-preview:-1"},"canonical":"https:\/\/greensailor.it\/es\/greentender\/","og_locale":"es_ES","og_type":"article","og_title":"Greentender - Antivegetativa per Barche","og_description":"[vc_row full_width=\u00bbstretch_row\u00bb wrap_container=\u00bbyes\u00bb is_section=\u00bbyes\u00bb section_skin=\u00bbparallax\u00bb conditional_render=\u00bb%5B%7B%22value_role%22%3A%22administrator%22%7D%5D\u00bb][vc_column css=\u00bb.vc_custom_1700914870275{margin-bottom: 40px !important;}\u00bb conditional_render=\u00bb%5B%7B%22value_role%22%3A%22administrator%22%7D%5D\u00bb][\/vc_column][vc_column width=\u00bb6\/12&#8243;][vc_row_inner][vc_column_inner width=\u00bb11\/12&#8243;][vc_column_text]Bienvenido a la secci\u00f3n dedicada a Greentender, el tratamiento de protecci\u00f3n y barnizado para embarcaciones neum\u00e1ticas y auxiliares. En esta secci\u00f3n exploraremos las ventajas de utilizar Greentender como soluci\u00f3n no contaminante para la protecci\u00f3n y el barnizado de sus embarcaciones neum\u00e1ticas. Una de las [&hellip;]","og_url":"https:\/\/greensailor.it\/es\/greentender\/","og_site_name":"Antivegetativa per Barche","article_modified_time":"2023-12-29T23:12:03+00:00","twitter_card":"summary_large_image","twitter_misc":{"Tiempo de lectura":"2 minutos"},"schema":{"@context":"https:\/\/schema.org","@graph":[{"@type":"WebPage","@id":"https:\/\/greensailor.it\/es\/greentender\/","url":"https:\/\/greensailor.it\/es\/greentender\/","name":"Greentender - Antivegetativa per Barche","isPartOf":{"@id":"https:\/\/greensailor.it\/es\/#website"},"datePublished":"2023-11-25T12:24:18+00:00","dateModified":"2023-12-29T23:12:03+00:00","breadcrumb":{"@id":"https:\/\/greensailor.it\/es\/greentender\/#breadcrumb"},"inLanguage":"es","potentialAction":[{"@type":"ReadAction","target":["https:\/\/greensailor.it\/es\/greentender\/"]}]},{"@type":"BreadcrumbList","@id":"https:\/\/greensailor.it\/es\/greentender\/#breadcrumb","itemListElement":[{"@type":"ListItem","position":1,"name":"Home","item":"https:\/\/greensailor.it\/es\/"},{"@type":"ListItem","position":2,"name":"Greentender"}]},{"@type":"WebSite","@id":"https:\/\/greensailor.it\/es\/#website","url":"https:\/\/greensailor.it\/es\/","name":"Antivegetativa per Barche","description":"","potentialAction":[{"@type":"SearchAction","target":{"@type":"EntryPoint","urlTemplate":"https:\/\/greensailor.it\/es\/?s={search_term_string}"},"query-input":{"@type":"PropertyValueSpecification","valueRequired":true,"valueName":"search_term_string"}}],"inLanguage":"es"}]}},"_links":{"self":[{"href":"https:\/\/greensailor.it\/es\/wp-json\/wp\/v2\/pages\/1127","targetHints":{"allow":["GET"]}}],"collection":[{"href":"https:\/\/greensailor.it\/es\/wp-json\/wp\/v2\/pages"}],"about":[{"href":"https:\/\/greensailor.it\/es\/wp-json\/wp\/v2\/types\/page"}],"author":[{"embeddable":true,"href":"https:\/\/greensailor.it\/es\/wp-json\/wp\/v2\/users\/1"}],"replies":[{"embeddable":true,"href":"https:\/\/greensailor.it\/es\/wp-json\/wp\/v2\/comments?post=1127"}],"version-history":[{"count":2,"href":"https:\/\/greensailor.it\/es\/wp-json\/wp\/v2\/pages\/1127\/revisions"}],"predecessor-version":[{"id":1139,"href":"https:\/\/greensailor.it\/es\/wp-json\/wp\/v2\/pages\/1127\/revisions\/1139"}],"wp:attachment":[{"href":"https:\/\/greensailor.it\/es\/wp-json\/wp\/v2\/media?parent=1127"}],"curies":[{"name":"wp","href":"https:\/\/api.w.org\/{rel}","templated":true}]}}