{"id":1129,"date":"2023-11-11T21:16:45","date_gmt":"2023-11-11T20:16:45","guid":{"rendered":"https:\/\/greensailor.it\/greenchrome\/"},"modified":"2025-11-01T08:59:02","modified_gmt":"2025-11-01T07:59:02","slug":"greenchrome","status":"publish","type":"page","link":"https:\/\/greensailor.it\/es\/greenchrome\/","title":{"rendered":"Greenchrome"},"content":{"rendered":"<div class=\"wpb-content-wrapper\"><p>[vc_row full_width=\u00bbstretch_row\u00bb wrap_container=\u00bbyes\u00bb is_section=\u00bbyes\u00bb section_skin=\u00bbparallax\u00bb conditional_render=\u00bb%5B%7B%22value_role%22%3A%22administrator%22%7D%5D\u00bb css=\u00bb.vc_custom_1700916347551{background-position: center !important;background-repeat: no-repeat !important;background-size: cover !important;}\u00bb][vc_column css=\u00bb.vc_custom_1700914870275{margin-bottom: 40px !important;}\u00bb conditional_render=\u00bb%5B%7B%22value_role%22%3A%22administrator%22%7D%5D\u00bb]<div class=\"porto-u-heading  wpb_custom_85bff3b4207931c7600519e02675ffcc porto-u-55ca8359258f9a412be7e73af65d2aac \"><div class=\"porto-u-main-heading\"><h2   style=\"color:#000000;margin-bottom: 15px;\">Greenchrome<\/h2><\/div><div class=\"porto-u-sub-heading\" style=\"color: #435889;margin-bottom:20px;\">\n<p style=\"text-align: center;\">El tratamiento protector para pl\u00e1sticos y accesorios n\u00e1uticos cromados que marca la diferencia.<\/p>\n<p><\/div><style>.porto-u-55ca8359258f9a412be7e73af65d2aac.porto-u-heading{text-align:center}<\/style><\/div>[\/vc_column][vc_column width=\u00bb2\/3&#8243;][vc_row_inner][vc_column_inner width=\u00bb5\/6&#8243;][vc_column_text]Cuando se trata de mantener la belleza y la integridad de los accesorios n\u00e1uticos cromados, no se puede confiar en soluciones ordinarias. Ah\u00ed es donde entra Greenchrome, un innovador tratamiento protector, transparente o pigmentable, dise\u00f1ado espec\u00edficamente para proteger los pl\u00e1sticos y accesorios n\u00e1uticos cromados de la suciedad provocada por la sal y los rayos UV.<\/p>\n<p>Greenchrome ha sido desarrollado con una f\u00f3rmula avanzada que combina tecnolog\u00eda punta y facilidad de uso. Esto significa que no s\u00f3lo conseguir\u00e1 unos resultados extraordinarios para sus superficies cromadas, sino que adem\u00e1s lo har\u00e1 de forma eficaz.<\/p>\n<p>Greenchrome crea una barrera invisible en la superficie de los pl\u00e1sticos y accesorios cromados para que pueda decir adi\u00f3s a las manchas de agua, la corrosi\u00f3n, los rayos UV y los da\u00f1os causados por la sal.<\/p>\n<p>Adem\u00e1s, Greenchrome es f\u00e1cil de aplicar y ofrece una durabilidad excepcional. Una vez aplicado correctamente, podr\u00e1 disfrutar de las ventajas de este revolucionario tratamiento protector durante mucho tiempo sin tener que repetirlo con frecuencia.<\/p>\n<p>No comprometa la calidad de sus accesorios n\u00e1uticos cromados, elija Greenchrome como su aliado de confianza para mantener su belleza original. Descubra hoy c\u00f3mo Greenchrome puede marcar la diferencia en su experiencia n\u00e1utica.[\/vc_column_text][\/vc_column_inner][vc_column_inner width=\u00bb1\/6&#8243;][\/vc_column_inner][\/vc_row_inner][\/vc_column][vc_column width=\u00bb1\/3&#8243;][vc_single_image image=\u00bb900&#8243; img_size=\u00bbfull\u00bb el_class=\u00bbshadow\u00bb][\/vc_column][\/vc_row]<\/p>\n<\/div>","protected":false},"excerpt":{"rendered":"<p>[vc_row full_width=\u00bbstretch_row\u00bb wrap_container=\u00bbyes\u00bb is_section=\u00bbyes\u00bb section_skin=\u00bbparallax\u00bb conditional_render=\u00bb%5B%7B%22value_role%22%3A%22administrator%22%7D%5D\u00bb css=\u00bb.vc_custom_1700916347551{background-position: center !important;background-repeat: no-repeat !important;background-size: cover !important;}\u00bb][vc_column css=\u00bb.vc_custom_1700914870275{margin-bottom: 40px !important;}\u00bb conditional_render=\u00bb%5B%7B%22value_role%22%3A%22administrator%22%7D%5D\u00bb][\/vc_column][vc_column width=\u00bb2\/3&#8243;][vc_row_inner][vc_column_inner width=\u00bb5\/6&#8243;][vc_column_text]Cuando se trata de mantener la belleza y la integridad de los accesorios n\u00e1uticos cromados, no se puede confiar en soluciones ordinarias. Ah\u00ed es donde entra Greenchrome, un innovador tratamiento protector, transparente o pigmentable, dise\u00f1ado espec\u00edficamente para [&hellip;]<\/p>\n","protected":false},"author":1,"featured_media":0,"parent":0,"menu_order":0,"comment_status":"closed","ping_status":"closed","template":"","meta":{"inline_featured_image":false,"footnotes":""},"class_list":["post-1129","page","type-page","status-publish","hentry"],"yoast_head":"<!-- This site is optimized with the Yoast SEO plugin v26.7 - https:\/\/yoast.com\/wordpress\/plugins\/seo\/ -->\n<title>Greenchrome - Antivegetativa per Barche<\/title>\n<meta name=\"robots\" content=\"index, follow, max-snippet:-1, max-image-preview:large, max-video-preview:-1\" \/>\n<link rel=\"canonical\" href=\"https:\/\/greensailor.it\/es\/greenchrome\/\" \/>\n<meta property=\"og:locale\" content=\"es_ES\" \/>\n<meta property=\"og:type\" content=\"article\" \/>\n<meta property=\"og:title\" content=\"Greenchrome - Antivegetativa per Barche\" \/>\n<meta property=\"og:description\" content=\"[vc_row full_width=\u00bbstretch_row\u00bb wrap_container=\u00bbyes\u00bb is_section=\u00bbyes\u00bb section_skin=\u00bbparallax\u00bb conditional_render=\u00bb%5B%7B%22value_role%22%3A%22administrator%22%7D%5D\u00bb css=\u00bb.vc_custom_1700916347551{background-position: center !important;background-repeat: no-repeat !important;background-size: cover !important;}\u00bb][vc_column css=\u00bb.vc_custom_1700914870275{margin-bottom: 40px !important;}\u00bb conditional_render=\u00bb%5B%7B%22value_role%22%3A%22administrator%22%7D%5D\u00bb][\/vc_column][vc_column width=\u00bb2\/3&#8243;][vc_row_inner][vc_column_inner width=\u00bb5\/6&#8243;][vc_column_text]Cuando se trata de mantener la belleza y la integridad de los accesorios n\u00e1uticos cromados, no se puede confiar en soluciones ordinarias. Ah\u00ed es donde entra Greenchrome, un innovador tratamiento protector, transparente o pigmentable, dise\u00f1ado espec\u00edficamente para [&hellip;]\" \/>\n<meta property=\"og:url\" content=\"https:\/\/greensailor.it\/es\/greenchrome\/\" \/>\n<meta property=\"og:site_name\" content=\"Antivegetativa per Barche\" \/>\n<meta property=\"article:modified_time\" content=\"2025-11-01T07:59:02+00:00\" \/>\n<meta name=\"twitter:card\" content=\"summary_large_image\" \/>\n<meta name=\"twitter:label1\" content=\"Tiempo de lectura\" \/>\n\t<meta name=\"twitter:data1\" content=\"2 minutos\" \/>\n<script type=\"application\/ld+json\" class=\"yoast-schema-graph\">{\"@context\":\"https:\/\/schema.org\",\"@graph\":[{\"@type\":\"WebPage\",\"@id\":\"https:\/\/greensailor.it\/es\/greenchrome\/\",\"url\":\"https:\/\/greensailor.it\/es\/greenchrome\/\",\"name\":\"Greenchrome - Antivegetativa per Barche\",\"isPartOf\":{\"@id\":\"https:\/\/greensailor.it\/es\/#website\"},\"datePublished\":\"2023-11-11T20:16:45+00:00\",\"dateModified\":\"2025-11-01T07:59:02+00:00\",\"breadcrumb\":{\"@id\":\"https:\/\/greensailor.it\/es\/greenchrome\/#breadcrumb\"},\"inLanguage\":\"es\",\"potentialAction\":[{\"@type\":\"ReadAction\",\"target\":[\"https:\/\/greensailor.it\/es\/greenchrome\/\"]}]},{\"@type\":\"BreadcrumbList\",\"@id\":\"https:\/\/greensailor.it\/es\/greenchrome\/#breadcrumb\",\"itemListElement\":[{\"@type\":\"ListItem\",\"position\":1,\"name\":\"Home\",\"item\":\"https:\/\/greensailor.it\/es\/\"},{\"@type\":\"ListItem\",\"position\":2,\"name\":\"Greenchrome\"}]},{\"@type\":\"WebSite\",\"@id\":\"https:\/\/greensailor.it\/es\/#website\",\"url\":\"https:\/\/greensailor.it\/es\/\",\"name\":\"Antivegetativa per Barche\",\"description\":\"\",\"potentialAction\":[{\"@type\":\"SearchAction\",\"target\":{\"@type\":\"EntryPoint\",\"urlTemplate\":\"https:\/\/greensailor.it\/es\/?s={search_term_string}\"},\"query-input\":{\"@type\":\"PropertyValueSpecification\",\"valueRequired\":true,\"valueName\":\"search_term_string\"}}],\"inLanguage\":\"es\"}]}<\/script>\n<!-- \/ Yoast SEO plugin. -->","yoast_head_json":{"title":"Greenchrome - Antivegetativa per Barche","robots":{"index":"index","follow":"follow","max-snippet":"max-snippet:-1","max-image-preview":"max-image-preview:large","max-video-preview":"max-video-preview:-1"},"canonical":"https:\/\/greensailor.it\/es\/greenchrome\/","og_locale":"es_ES","og_type":"article","og_title":"Greenchrome - Antivegetativa per Barche","og_description":"[vc_row full_width=\u00bbstretch_row\u00bb wrap_container=\u00bbyes\u00bb is_section=\u00bbyes\u00bb section_skin=\u00bbparallax\u00bb conditional_render=\u00bb%5B%7B%22value_role%22%3A%22administrator%22%7D%5D\u00bb css=\u00bb.vc_custom_1700916347551{background-position: center !important;background-repeat: no-repeat !important;background-size: cover !important;}\u00bb][vc_column css=\u00bb.vc_custom_1700914870275{margin-bottom: 40px !important;}\u00bb conditional_render=\u00bb%5B%7B%22value_role%22%3A%22administrator%22%7D%5D\u00bb][\/vc_column][vc_column width=\u00bb2\/3&#8243;][vc_row_inner][vc_column_inner width=\u00bb5\/6&#8243;][vc_column_text]Cuando se trata de mantener la belleza y la integridad de los accesorios n\u00e1uticos cromados, no se puede confiar en soluciones ordinarias. Ah\u00ed es donde entra Greenchrome, un innovador tratamiento protector, transparente o pigmentable, dise\u00f1ado espec\u00edficamente para [&hellip;]","og_url":"https:\/\/greensailor.it\/es\/greenchrome\/","og_site_name":"Antivegetativa per Barche","article_modified_time":"2025-11-01T07:59:02+00:00","twitter_card":"summary_large_image","twitter_misc":{"Tiempo de lectura":"2 minutos"},"schema":{"@context":"https:\/\/schema.org","@graph":[{"@type":"WebPage","@id":"https:\/\/greensailor.it\/es\/greenchrome\/","url":"https:\/\/greensailor.it\/es\/greenchrome\/","name":"Greenchrome - Antivegetativa per Barche","isPartOf":{"@id":"https:\/\/greensailor.it\/es\/#website"},"datePublished":"2023-11-11T20:16:45+00:00","dateModified":"2025-11-01T07:59:02+00:00","breadcrumb":{"@id":"https:\/\/greensailor.it\/es\/greenchrome\/#breadcrumb"},"inLanguage":"es","potentialAction":[{"@type":"ReadAction","target":["https:\/\/greensailor.it\/es\/greenchrome\/"]}]},{"@type":"BreadcrumbList","@id":"https:\/\/greensailor.it\/es\/greenchrome\/#breadcrumb","itemListElement":[{"@type":"ListItem","position":1,"name":"Home","item":"https:\/\/greensailor.it\/es\/"},{"@type":"ListItem","position":2,"name":"Greenchrome"}]},{"@type":"WebSite","@id":"https:\/\/greensailor.it\/es\/#website","url":"https:\/\/greensailor.it\/es\/","name":"Antivegetativa per Barche","description":"","potentialAction":[{"@type":"SearchAction","target":{"@type":"EntryPoint","urlTemplate":"https:\/\/greensailor.it\/es\/?s={search_term_string}"},"query-input":{"@type":"PropertyValueSpecification","valueRequired":true,"valueName":"search_term_string"}}],"inLanguage":"es"}]}},"_links":{"self":[{"href":"https:\/\/greensailor.it\/es\/wp-json\/wp\/v2\/pages\/1129","targetHints":{"allow":["GET"]}}],"collection":[{"href":"https:\/\/greensailor.it\/es\/wp-json\/wp\/v2\/pages"}],"about":[{"href":"https:\/\/greensailor.it\/es\/wp-json\/wp\/v2\/types\/page"}],"author":[{"embeddable":true,"href":"https:\/\/greensailor.it\/es\/wp-json\/wp\/v2\/users\/1"}],"replies":[{"embeddable":true,"href":"https:\/\/greensailor.it\/es\/wp-json\/wp\/v2\/comments?post=1129"}],"version-history":[{"count":4,"href":"https:\/\/greensailor.it\/es\/wp-json\/wp\/v2\/pages\/1129\/revisions"}],"predecessor-version":[{"id":1944,"href":"https:\/\/greensailor.it\/es\/wp-json\/wp\/v2\/pages\/1129\/revisions\/1944"}],"wp:attachment":[{"href":"https:\/\/greensailor.it\/es\/wp-json\/wp\/v2\/media?parent=1129"}],"curies":[{"name":"wp","href":"https:\/\/api.w.org\/{rel}","templated":true}]}}