{"id":1131,"date":"2023-12-07T19:13:25","date_gmt":"2023-12-07T18:13:25","guid":{"rendered":"https:\/\/greensailor.it\/teakdek-protect\/"},"modified":"2023-12-30T00:12:13","modified_gmt":"2023-12-29T23:12:13","slug":"teakdek-protect","status":"publish","type":"page","link":"https:\/\/greensailor.it\/es\/teakdek-protect\/","title":{"rendered":"Teakdek Protect"},"content":{"rendered":"<div class=\"wpb-content-wrapper\"><p>[vc_row full_width=\u00bbstretch_row\u00bb wrap_container=\u00bbyes\u00bb is_section=\u00bbyes\u00bb section_skin=\u00bbparallax\u00bb conditional_render=\u00bb%5B%7B%22value_role%22%3A%22administrator%22%7D%5D\u00bb css=\u00bb.vc_custom_1700916347551{background-position: center !important;background-repeat: no-repeat !important;background-size: cover !important;}\u00bb][vc_column css=\u00bb.vc_custom_1700914870275{margin-bottom: 40px !important;}\u00bb conditional_render=\u00bb%5B%7B%22value_role%22%3A%22administrator%22%7D%5D\u00bb]<div class=\"porto-u-heading  wpb_custom_85bff3b4207931c7600519e02675ffcc porto-u-55ca8359258f9a412be7e73af65d2aac \"><div class=\"porto-u-main-heading\"><h2   style=\"color:#000000;margin-bottom: 15px;\">Teakdek Protect<\/h2><\/div><div class=\"porto-u-sub-heading\" style=\"color: #435889;margin-bottom:20px;\">\n<p style=\"text-align: center;\">Revestimiento protector antimanchas para madera<\/p>\n<p><\/div><style>.porto-u-55ca8359258f9a412be7e73af65d2aac.porto-u-heading{text-align:center}<\/style><\/div>[\/vc_column][vc_column width=\u00bb2\/3&#8243;][vc_row_inner][vc_column_inner width=\u00bb5\/6&#8243;][vc_column_text]<strong>Teakdek Protect<\/strong> es una emulsi\u00f3n parcialmente fluorada, 100% ecol\u00f3gica, de secado a temperatura ambiente, formulada para su aplicaci\u00f3n en superficies de teca.<br \/>\nOfrece una excelente resistencia a la penetraci\u00f3n de aceite y alcohol, y una excepcional repelencia al agua.<br \/>\nSe desarroll\u00f3 para la protecci\u00f3n a largo plazo de objetos y superficies de teca contra las agresiones ambientales y atmosf\u00e9ricas.<br \/>\nagresiones ambientales y atmosf\u00e9ricas a las que est\u00e1n sometidos.<br \/>\nPreviene la formaci\u00f3n de moho y eflorescencias, y permite la conservaci\u00f3n a largo plazo de las caracter\u00edsticas est\u00e9ticas del material original.<br \/>\ncaracter\u00edsticas est\u00e9ticas del material original.<br \/>\nEs un revestimiento protector antimanchas, permeable a los vapores; permite que el sustrato<br \/>\ntranspire de forma natural, reduciendo el riesgo de grietas o da\u00f1os<br \/>\ndebido a los ciclos de congelaci\u00f3n\/descongelaci\u00f3n.<\/p>\n<p><strong>Teakdek Protect<\/strong> cumple todas las normativas vigentes relativas a la emisi\u00f3n a la atm\u00f3sfera de compuestos org\u00e1nicos vol\u00e1tiles (COV).<br \/>\natm\u00f3sfera de compuestos org\u00e1nicos vol\u00e1tiles (COV).<br \/>\nEs f\u00e1cil de usar y no cambia el color de la teca a la que se ha aplicado. Compruebe la conformidad del resultado en una zona descentrada antes de tratar grandes superficies.<br \/>\nCrea una barrera eficaz contra la suciedad que facilita la limpieza rutinaria.<\/p>\n<p><strong>Usos<\/strong>: protecci\u00f3n antimanchas e hidr\u00f3fuga de superficies de teca.<\/p>\n<p><strong>Propiedades f\u00edsicas:<\/strong><br \/>\nAspecto: emulsi\u00f3n opalina<br \/>\npH: 8,0<br \/>\nSolubilidad en agua: completa<br \/>\nPunto de ebullici\u00f3n: aprox. 100 \u00b0C<\/p>\n<p><strong>Aplicaci\u00f3n:<\/strong><\/p>\n<p>El producto est\u00e1 listo para su uso, no diluir con agua o disolventes.<\/p>\n<p>Preparaci\u00f3n de la superficie: Limpiar bien las superficies antes de la<br \/>\nAplicaci\u00f3n. Eliminar dep\u00f3sitos inorg\u00e1nicos, cal, sal, restos de aceite o grasa.<\/p>\n<p><strong>Aplicaci\u00f3n:<\/strong> Aplicar con brocha, esponja o rodillo.<\/p>\n<p><strong>Superficies verticales:<\/strong> Utilizar tambi\u00e9n un sistema de pulverizaci\u00f3n a baja presi\u00f3n, brocha, esponja o rodillo. Saturar las superficies. Limpie cualquier goteo para igualar la cobertura. Aplicar de abajo hacia arriba.<\/p>\n<p><strong>Superficies horizontales:<\/strong> saturar con producto aplicando mojado sobre mojado.<br \/>\nUtilizar suficiente producto para mantener las superficies h\u00famedas durante al menos 5 minutos.<br \/>\nEliminar el exceso con un cepillo o absorber con un pa\u00f1o.<br \/>\nEl consumo de producto disminuye despu\u00e9s de cada aplicaci\u00f3n.<\/p>\n<p><strong>Atenci\u00f3n:<\/strong> demasiadas aplicaciones pueden alterar ligeramente el aspecto de la superficie.<\/p>\n<p><strong>Tratamientos posteriores:<\/strong> Puede ser aconsejable repetir el tratamiento a lo largo del tiempo para mantener constante la protecci\u00f3n. Aplicar siguiendo el mismo procedimiento que antes. Si es necesario, reavivar la superficie con papel de lija fino para facilitar la penetraci\u00f3n del producto.<\/p>\n<p><strong>Secado:<\/strong> el producto est\u00e1 seco al tacto en 1-2 horas. Las superficies tratadas pueden ser transitables de nuevo en las siguientes 12-24 horas. Proteger las superficies tratadas del contacto directo con el agua hasta que est\u00e9 completamente seco (24h).<\/p>\n<p><strong>Rendimiento:<\/strong> aprox. 12 m2\/Lt.<br \/>\nLa porosidad, estructura y naturaleza de las superficies afectan al rendimiento del producto. Si es posible, comprobar directamente la absorbencia de la superficie a tratar para obtener una evaluaci\u00f3n exacta de las cantidades necesarias.<\/p>\n<p>Greensailor srl &#8211; Viale T.A. Edison, 50 &#8211; 20099 &#8211; Sesto San Giovanni (Milano) Italia<br \/>\nTel. +39 02 2247 6678 mail: stefania@greensailor.it www.greensailor.it[\/vc_column_text][\/vc_column_inner][vc_column_inner width=\u00bb1\/6&#8243;][\/vc_column_inner][\/vc_row_inner][\/vc_column][vc_column width=\u00bb1\/3&#8243;][vc_single_image image=\u00bb626&#8243; img_size=\u00bbfull\u00bb el_class=\u00bbshadow\u00bb][\/vc_column][\/vc_row]<\/p>\n<\/div>","protected":false},"excerpt":{"rendered":"<p>[vc_row full_width=\u00bbstretch_row\u00bb wrap_container=\u00bbyes\u00bb is_section=\u00bbyes\u00bb section_skin=\u00bbparallax\u00bb conditional_render=\u00bb%5B%7B%22value_role%22%3A%22administrator%22%7D%5D\u00bb css=\u00bb.vc_custom_1700916347551{background-position: center !important;background-repeat: no-repeat !important;background-size: cover !important;}\u00bb][vc_column css=\u00bb.vc_custom_1700914870275{margin-bottom: 40px !important;}\u00bb conditional_render=\u00bb%5B%7B%22value_role%22%3A%22administrator%22%7D%5D\u00bb][\/vc_column][vc_column width=\u00bb2\/3&#8243;][vc_row_inner][vc_column_inner width=\u00bb5\/6&#8243;][vc_column_text]Teakdek Protect es una emulsi\u00f3n parcialmente fluorada, 100% ecol\u00f3gica, de secado a temperatura ambiente, formulada para su aplicaci\u00f3n en superficies de teca. Ofrece una excelente resistencia a la penetraci\u00f3n de aceite y alcohol, y una excepcional repelencia [&hellip;]<\/p>\n","protected":false},"author":1,"featured_media":0,"parent":0,"menu_order":0,"comment_status":"closed","ping_status":"closed","template":"","meta":{"inline_featured_image":false,"footnotes":""},"class_list":["post-1131","page","type-page","status-publish","hentry"],"yoast_head":"<!-- This site is optimized with the Yoast SEO plugin v26.7 - https:\/\/yoast.com\/wordpress\/plugins\/seo\/ -->\n<title>Teakdek Protect - Antivegetativa per Barche<\/title>\n<meta name=\"robots\" content=\"index, follow, max-snippet:-1, max-image-preview:large, max-video-preview:-1\" \/>\n<link rel=\"canonical\" href=\"https:\/\/greensailor.it\/es\/teakdek-protect\/\" \/>\n<meta property=\"og:locale\" content=\"es_ES\" \/>\n<meta property=\"og:type\" content=\"article\" \/>\n<meta property=\"og:title\" content=\"Teakdek Protect - Antivegetativa per Barche\" \/>\n<meta property=\"og:description\" content=\"[vc_row full_width=\u00bbstretch_row\u00bb wrap_container=\u00bbyes\u00bb is_section=\u00bbyes\u00bb section_skin=\u00bbparallax\u00bb conditional_render=\u00bb%5B%7B%22value_role%22%3A%22administrator%22%7D%5D\u00bb css=\u00bb.vc_custom_1700916347551{background-position: center !important;background-repeat: no-repeat !important;background-size: cover !important;}\u00bb][vc_column css=\u00bb.vc_custom_1700914870275{margin-bottom: 40px !important;}\u00bb conditional_render=\u00bb%5B%7B%22value_role%22%3A%22administrator%22%7D%5D\u00bb][\/vc_column][vc_column width=\u00bb2\/3&#8243;][vc_row_inner][vc_column_inner width=\u00bb5\/6&#8243;][vc_column_text]Teakdek Protect es una emulsi\u00f3n parcialmente fluorada, 100% ecol\u00f3gica, de secado a temperatura ambiente, formulada para su aplicaci\u00f3n en superficies de teca. Ofrece una excelente resistencia a la penetraci\u00f3n de aceite y alcohol, y una excepcional repelencia [&hellip;]\" \/>\n<meta property=\"og:url\" content=\"https:\/\/greensailor.it\/es\/teakdek-protect\/\" \/>\n<meta property=\"og:site_name\" content=\"Antivegetativa per Barche\" \/>\n<meta property=\"article:modified_time\" content=\"2023-12-29T23:12:13+00:00\" \/>\n<meta name=\"twitter:card\" content=\"summary_large_image\" \/>\n<meta name=\"twitter:label1\" content=\"Tiempo de lectura\" \/>\n\t<meta name=\"twitter:data1\" content=\"3 minutos\" \/>\n<script type=\"application\/ld+json\" class=\"yoast-schema-graph\">{\"@context\":\"https:\/\/schema.org\",\"@graph\":[{\"@type\":\"WebPage\",\"@id\":\"https:\/\/greensailor.it\/es\/teakdek-protect\/\",\"url\":\"https:\/\/greensailor.it\/es\/teakdek-protect\/\",\"name\":\"Teakdek Protect - Antivegetativa per Barche\",\"isPartOf\":{\"@id\":\"https:\/\/greensailor.it\/es\/#website\"},\"datePublished\":\"2023-12-07T18:13:25+00:00\",\"dateModified\":\"2023-12-29T23:12:13+00:00\",\"breadcrumb\":{\"@id\":\"https:\/\/greensailor.it\/es\/teakdek-protect\/#breadcrumb\"},\"inLanguage\":\"es\",\"potentialAction\":[{\"@type\":\"ReadAction\",\"target\":[\"https:\/\/greensailor.it\/es\/teakdek-protect\/\"]}]},{\"@type\":\"BreadcrumbList\",\"@id\":\"https:\/\/greensailor.it\/es\/teakdek-protect\/#breadcrumb\",\"itemListElement\":[{\"@type\":\"ListItem\",\"position\":1,\"name\":\"Home\",\"item\":\"https:\/\/greensailor.it\/es\/\"},{\"@type\":\"ListItem\",\"position\":2,\"name\":\"Teakdek Protect\"}]},{\"@type\":\"WebSite\",\"@id\":\"https:\/\/greensailor.it\/es\/#website\",\"url\":\"https:\/\/greensailor.it\/es\/\",\"name\":\"Antivegetativa per Barche\",\"description\":\"\",\"potentialAction\":[{\"@type\":\"SearchAction\",\"target\":{\"@type\":\"EntryPoint\",\"urlTemplate\":\"https:\/\/greensailor.it\/es\/?s={search_term_string}\"},\"query-input\":{\"@type\":\"PropertyValueSpecification\",\"valueRequired\":true,\"valueName\":\"search_term_string\"}}],\"inLanguage\":\"es\"}]}<\/script>\n<!-- \/ Yoast SEO plugin. -->","yoast_head_json":{"title":"Teakdek Protect - Antivegetativa per Barche","robots":{"index":"index","follow":"follow","max-snippet":"max-snippet:-1","max-image-preview":"max-image-preview:large","max-video-preview":"max-video-preview:-1"},"canonical":"https:\/\/greensailor.it\/es\/teakdek-protect\/","og_locale":"es_ES","og_type":"article","og_title":"Teakdek Protect - Antivegetativa per Barche","og_description":"[vc_row full_width=\u00bbstretch_row\u00bb wrap_container=\u00bbyes\u00bb is_section=\u00bbyes\u00bb section_skin=\u00bbparallax\u00bb conditional_render=\u00bb%5B%7B%22value_role%22%3A%22administrator%22%7D%5D\u00bb css=\u00bb.vc_custom_1700916347551{background-position: center !important;background-repeat: no-repeat !important;background-size: cover !important;}\u00bb][vc_column css=\u00bb.vc_custom_1700914870275{margin-bottom: 40px !important;}\u00bb conditional_render=\u00bb%5B%7B%22value_role%22%3A%22administrator%22%7D%5D\u00bb][\/vc_column][vc_column width=\u00bb2\/3&#8243;][vc_row_inner][vc_column_inner width=\u00bb5\/6&#8243;][vc_column_text]Teakdek Protect es una emulsi\u00f3n parcialmente fluorada, 100% ecol\u00f3gica, de secado a temperatura ambiente, formulada para su aplicaci\u00f3n en superficies de teca. Ofrece una excelente resistencia a la penetraci\u00f3n de aceite y alcohol, y una excepcional repelencia [&hellip;]","og_url":"https:\/\/greensailor.it\/es\/teakdek-protect\/","og_site_name":"Antivegetativa per Barche","article_modified_time":"2023-12-29T23:12:13+00:00","twitter_card":"summary_large_image","twitter_misc":{"Tiempo de lectura":"3 minutos"},"schema":{"@context":"https:\/\/schema.org","@graph":[{"@type":"WebPage","@id":"https:\/\/greensailor.it\/es\/teakdek-protect\/","url":"https:\/\/greensailor.it\/es\/teakdek-protect\/","name":"Teakdek Protect - Antivegetativa per Barche","isPartOf":{"@id":"https:\/\/greensailor.it\/es\/#website"},"datePublished":"2023-12-07T18:13:25+00:00","dateModified":"2023-12-29T23:12:13+00:00","breadcrumb":{"@id":"https:\/\/greensailor.it\/es\/teakdek-protect\/#breadcrumb"},"inLanguage":"es","potentialAction":[{"@type":"ReadAction","target":["https:\/\/greensailor.it\/es\/teakdek-protect\/"]}]},{"@type":"BreadcrumbList","@id":"https:\/\/greensailor.it\/es\/teakdek-protect\/#breadcrumb","itemListElement":[{"@type":"ListItem","position":1,"name":"Home","item":"https:\/\/greensailor.it\/es\/"},{"@type":"ListItem","position":2,"name":"Teakdek Protect"}]},{"@type":"WebSite","@id":"https:\/\/greensailor.it\/es\/#website","url":"https:\/\/greensailor.it\/es\/","name":"Antivegetativa per Barche","description":"","potentialAction":[{"@type":"SearchAction","target":{"@type":"EntryPoint","urlTemplate":"https:\/\/greensailor.it\/es\/?s={search_term_string}"},"query-input":{"@type":"PropertyValueSpecification","valueRequired":true,"valueName":"search_term_string"}}],"inLanguage":"es"}]}},"_links":{"self":[{"href":"https:\/\/greensailor.it\/es\/wp-json\/wp\/v2\/pages\/1131","targetHints":{"allow":["GET"]}}],"collection":[{"href":"https:\/\/greensailor.it\/es\/wp-json\/wp\/v2\/pages"}],"about":[{"href":"https:\/\/greensailor.it\/es\/wp-json\/wp\/v2\/types\/page"}],"author":[{"embeddable":true,"href":"https:\/\/greensailor.it\/es\/wp-json\/wp\/v2\/users\/1"}],"replies":[{"embeddable":true,"href":"https:\/\/greensailor.it\/es\/wp-json\/wp\/v2\/comments?post=1131"}],"version-history":[{"count":3,"href":"https:\/\/greensailor.it\/es\/wp-json\/wp\/v2\/pages\/1131\/revisions"}],"predecessor-version":[{"id":1140,"href":"https:\/\/greensailor.it\/es\/wp-json\/wp\/v2\/pages\/1131\/revisions\/1140"}],"wp:attachment":[{"href":"https:\/\/greensailor.it\/es\/wp-json\/wp\/v2\/media?parent=1131"}],"curies":[{"name":"wp","href":"https:\/\/api.w.org\/{rel}","templated":true}]}}