{"id":1145,"date":"2023-12-03T18:23:27","date_gmt":"2023-12-03T17:23:27","guid":{"rendered":"https:\/\/greensailor.it\/keelcrab\/"},"modified":"2023-12-30T00:29:40","modified_gmt":"2023-12-29T23:29:40","slug":"keelcrab","status":"publish","type":"page","link":"https:\/\/greensailor.it\/es\/keelcrab\/","title":{"rendered":"Keelcrab"},"content":{"rendered":"<div class=\"wpb-content-wrapper\"><p>[vc_row full_width=\u00bbstretch_row\u00bb wrap_container=\u00bbyes\u00bb section_skin=\u00bbparallax\u00bb remove_margin_bottom=\u00bbyes\u00bb remove_padding_bottom=\u00bbyes\u00bb conditional_render=\u00bb%5B%7B%22value_role%22%3A%22administrator%22%7D%5D\u00bb css=\u00bb.vc_custom_1701626288266{padding-top: 0px !important;padding-bottom: 0px !important;background-position: center !important;background-repeat: no-repeat !important;background-size: cover !important;}\u00bb el_class=\u00bbkeel\u00bb][vc_column][vc_column_text css=\u00bb.vc_custom_1703892228328{padding-top: 10px !important;padding-right: 20px !important;padding-bottom: 10px !important;padding-left: 20px !important;background-color: rgba(88,216,212,0.73) !important;*background-color: rgb(88,216,212) !important;}\u00bb el_class=\u00bbwhite\u00bb]<\/p>\n<h4 style=\"text-align: center;\"><em>Probado y certificado para su uso en el tratamiento Greenhull<\/em><\/h4>\n<p>[\/vc_column_text][\/vc_column][\/vc_row][vc_row full_width=\u00bbstretch_row\u00bb content_placement=\u00bbmiddle\u00bb wrap_container=\u00bbyes\u00bb is_section=\u00bbyes\u00bb section_skin=\u00bbparallax\u00bb remove_margin_top=\u00bbyes\u00bb remove_margin_bottom=\u00bbyes\u00bb remove_padding_bottom=\u00bbyes\u00bb conditional_render=\u00bb%5B%7B%22value_role%22%3A%22administrator%22%7D%5D\u00bb css=\u00bb.vc_custom_1701978197453{background-position: center !important;background-repeat: no-repeat !important;background-size: cover !important;}\u00bb el_class=\u00bbsection1&#8243;][vc_column width=\u00bb2\/3&#8243;][vc_row_inner][vc_column_inner width=\u00bb5\/6&#8243;][vc_column_text]<\/p>\n<div class=\"porto-u-main-heading\">\n<h3>\u00bfQu\u00e9 es Keelcrab Pro?<\/h3>\n<p>Keelcrab Pro es un robot submarino profesional para la limpieza, mantenimiento e inspecci\u00f3n de cascos de yates y embarcaciones de recreo, equipado con un completo kit de opcionales dise\u00f1ados para satisfacer las necesidades de los profesionales m\u00e1s exigentes del sector n\u00e1utico.<\/p>\n<p>El dron Keelcrab se suministra, por tanto, con un conjunto de accesorios (tangibles e intangibles) dise\u00f1ados para apoyar de la mejor manera posible el servicio, la inspecci\u00f3n y la limpieza de los cascos de sus clientes en el puerto deportivo.<\/p>\n<p>Gracias a los cepillos Greensailor tras numerosas pruebas y experimentos por los que los drones Keelcrab se han convertido en recomendados \u00a1productos Greensailor!<\/p>\n<\/div>\n<p>[\/vc_column_text][\/vc_column_inner][vc_column_inner width=\u00bb1\/6&#8243;][\/vc_column_inner][\/vc_row_inner][\/vc_column][vc_column width=\u00bb1\/3&#8243;][vc_single_image image=\u00bb641&#8243; img_size=\u00bbfull\u00bb onclick=\u00bbcustom_link\u00bb img_link_target=\u00bb_blank\u00bb link=\u00bbhttps:\/\/greensailor.it\/wp-content\/uploads\/2023\/12\/greensailor_keelcrab.pdf\u00bb css=\u00bb.vc_custom_1701979108910{border-top-width: 1px !important;border-right-width: 1px !important;border-bottom-width: 1px !important;border-left-width: 1px !important;border-left-color: #dddddd !important;border-left-style: solid !important;border-right-color: #dddddd !important;border-right-style: solid !important;border-top-color: #dddddd !important;border-top-style: solid !important;border-bottom-color: #dddddd !important;border-bottom-style: solid !important;}\u00bb][\/vc_column][\/vc_row][vc_row full_width=\u00bbstretch_row\u00bb wrap_container=\u00bbyes\u00bb is_section=\u00bbyes\u00bb section_skin=\u00bbparallax\u00bb remove_margin_top=\u00bbyes\u00bb remove_margin_bottom=\u00bbyes\u00bb conditional_render=\u00bb%5B%7B%22value_role%22%3A%22administrator%22%7D%5D\u00bb css=\u00bb.vc_custom_1701625361639{background-position: center !important;background-repeat: no-repeat !important;background-size: cover !important;}\u00bb][vc_column width=\u00bb6\/12&#8243; css=\u00bb.vc_custom_1700914870275{margin-bottom: 40px !important;}\u00bb conditional_render=\u00bb%5B%7B%22value_role%22%3A%22administrator%22%7D%5D\u00bb][vc_single_image image=\u00bb596&#8243; img_size=\u00bbfull\u00bb el_class=\u00bbshadow\u00bb][\/vc_column][vc_column width=\u00bb6\/12&#8243;][vc_single_image image=\u00bb590&#8243; img_size=\u00bbfull\u00bb el_class=\u00bbshadow\u00bb][\/vc_column][\/vc_row][vc_row full_width=\u00bbstretch_row\u00bb wrap_container=\u00bbyes\u00bb section_skin=\u00bbparallax\u00bb conditional_render=\u00bb%5B%7B%22value_role%22%3A%22administrator%22%7D%5D\u00bb css=\u00bb.vc_custom_1701625420267{padding-bottom: 70px !important;}\u00bb][vc_column]<div class=\"porto-toggles wpb_content_element  toggle-primary\">[vc_toggle title=\u00bbAccesorios incluidos\u00bb open=\u00bbtrue\u00bb]Robot submarino Keelcrab para mantenimiento de cascos que incluye c\u00e1mara HD y, mando a distancia Pantalla de 7\u2033 con joystick y 7 metros de cable.<\/p>\n<p>Cable del robot de 20 metros neutro-negativo reforzado con Kevlar, caja electr\u00f3nica externa de 220-110V a 24V<\/p>\n<p>Iluminaci\u00f3n: 400 lumen-led (2)<\/p>\n<p>Maleta de transporte<\/p>\n<p>Cepillo contrarrotante de nylon blanco certificado A.N.C.P. perfecto para los primeros ciclos frecuentes de mantenimiento del casco. Compatible con pinturas antiincrustantes de matriz dura (no solubles en agua) que cumplan los requisitos del reglamento (UE)528\/2012 BPR o matrices de silicona (o pel\u00edculas de silicona) o nuevas matrices sin biocidas.<\/p>\n<p>Cepillo contrarrotante de nylon amarillo certificado A.N.C.P., perfecto para ciclos de mantenimiento a intervalos medios. Compatible con pinturas antiincrustantes de matriz dura (no solubles en agua) que cumplan los requisitos del reglamento (UE)528\/2012 BPR o matrices de silicona (o pel\u00edculas de silicona) o nuevas matrices sin biocidas.<\/p>\n<p>Cepillo contrarrotante mediano de acero inoxidable certificado A.N.C.P., perfecto para ciclos de mantenimiento a intervalos prolongados. Compatible con pinturas antiincrustantes de matriz dura que cumplan los requisitos del Reglamento (UE)528\/2012 BPR o matrices de silicona (o pel\u00edculas de silicona) o nuevas matrices sin biocidas.<\/p>\n<p>Conectividad wi-fi: conexi\u00f3n wi.fi smartphone-tableta para capturar el flujo de v\u00eddeo en su tel\u00e9fono o tableta y compartir secuencias o capturas de pantalla con sus clientes.<\/p>\n<p><strong>Kit de piezas de repuesto:<\/strong> kit de piezas de repuesto consumibles.<\/p>\n<p>Programa de afiliaci\u00f3n Point y bono para el curso e-learning keelcrab academy y soporte de marketing digital dedicado a profesionales y empresarios del sector n\u00e1utico.<\/p>\n<p><strong>Predisposici\u00f3n cepillos motorizados:<\/strong> predisposici\u00f3n a kit de cepillos de discos amortiguados contrarrotantes (15mm de excursi\u00f3n\/adaptaci\u00f3n a la superficie) movidos por motor dedicado inserto de nylon impermeabilizado para garantizar la mejor capacidad de limpieza jam\u00e1s alcanzada por tu keelcrab.<\/p>\n<p><strong>Preparaci\u00f3n del kit de buceo:<\/strong> para utilizar su keelcrab en modo \u00abcontrol manual\u00bb durante la inmersi\u00f3n (apnea o ARA\/ARO).[\/vc_toggle][vc_toggle title=\u00bbDescripci\u00f3n\u00bb open=\u00bbtrue\u00bb]Keelcrab Pro es el primero de una nueva generaci\u00f3n de drones submarinos totalmente dise\u00f1ados y fabricados en Italia (100% made in Italy) para realizar actividades de limpieza, mantenimiento e inspecci\u00f3n rob\u00f3tica del casco.<\/p>\n<p>Caracterizado por un exoesqueleto de pl\u00e1stico con flotabilidad hidrost\u00e1tica neutra, mantiene una perfecta adherencia al casco gracias a un importante efecto de succi\u00f3n generado por un potente motor de bomba marinizada, eliminando y aspirando las algas o la vegetaci\u00f3n que suelen formarse en la obra viva de las embarcaciones durante los periodos de atraque en aguas cerradas.<\/p>\n<p>El movimiento del dron est\u00e1 asegurado por cepillos de caucho natural o P.V.A. accionados por orugas que permiten maniobrar f\u00e1cilmente en todas las direcciones, sobre cualquier superficie y haciendo que el dron sea experto en superar obst\u00e1culos.<\/p>\n<p>La c\u00e1mara subacu\u00e1tica de alta resoluci\u00f3n permite maniobrar el dron mediante un mando a distancia con cable, mostrando el flujo de v\u00eddeo en una pantalla de 7 pulgadas, una tableta o un tel\u00e9fono (opcional) en alta resoluci\u00f3n.<\/p>\n<p>El Keelcrab PRO 23 tambi\u00e9n puede equiparse con el Diver pack, es decir, el kit para utilizar tu keelcrab en modo \u00abcontrol manual\u00bb mientras buceas (apnea o ARA\/ARO). El kit consta de 2 empu\u00f1aduras laterales y de un interruptor IP69 para accionar los motores de tracci\u00f3n (para poder activar o detener el avance del robot y el efecto de arrastre asociado del buzo en el casco). En cuanto a la capacidad de limpieza, el dron est\u00e1 equipado con cepillos de disco contrarrotantes amortiguados (15 mm de excursi\u00f3n\/adaptaci\u00f3n a la superficie) accionados por un motor estanco dedicado con cerdas variables (nailon y acero inoxidable) para garantizar la mejor capacidad de limpieza, intercambiables en funci\u00f3n de las necesidades de abrasi\u00f3n<\/p>\n<p>Estos cepillos certificados A.N.C.P., con una puesta a punto adecuada, es decir, siguiendo las instrucciones de nuestros manuales de instrucciones, no eliminan las pinturas antiincrustantes, sino que prolongan su efecto y su vida \u00fatil a lo largo del tiempo.<\/p>\n<p>Numerosas pruebas han demostrado que la eliminaci\u00f3n constante de la primera capa de vegetaci\u00f3n (3\/5 mm) provoca una prolongaci\u00f3n dr\u00e1stica de la vida \u00fatil del antiincrustante (que vuelve a estar en contacto directo con el agua), lo que se traduce en una gran ralentizaci\u00f3n de la formaci\u00f3n de \u00abdientes de perro\u00bb (percebes) a medio plazo, una reducci\u00f3n del consumo de combustible (y de las emisiones asociadas) y el mantenimiento de las mejores prestaciones de navegaci\u00f3n (debido a la menor fricci\u00f3n del casco sobre el agua).<\/p>\n<p>El dron tambi\u00e9n est\u00e1 equipado con un sistema de filtrado por bolsa de nylon de micrometr\u00eda variable para la recuperaci\u00f3n del material de desecho, algas o vegetaci\u00f3n, resultante de la operaci\u00f3n de limpieza. Esto es esencial para evitar el fen\u00f3meno de reimplantaci\u00f3n de la vegetaci\u00f3n en el casco, especialmente en presencia de aguas muy quietas o estancadas o cuando la embarcaci\u00f3n no puede volver a navegar a corto plazo (t\u00edpicamente operaciones de limpieza durante la temporada de invierno).<\/p>\n<p>El certificado de garant\u00eda del producto es v\u00e1lido durante 24 meses (consumibles excluidos) o 500 horas de uso.[\/vc_toggle][vc_toggle title=\u00bbEspecificaciones t\u00e9cnicas\u00bb open=\u00bbtrue\u00bb]<strong>Alimentaci\u00f3n de entrada:<\/strong> 100\/240 V CA (est\u00e1ndar con enchufe Schuko). Tambi\u00e9n puede alimentarse mediante inversor<br \/>\n<strong>Alimentaci\u00f3n de salida:<\/strong> 28,5 V (baja tensi\u00f3n)<br \/>\n<strong>Consumo:<\/strong> 370 W (tambi\u00e9n alimentaci\u00f3n con inversor)<br \/>\n<strong>Dimensiones y peso:<\/strong> 45,5 cm x 43 cm x 30 cm (h); peso 10 kg (aprox.)<br \/>\nDimensiones de la caja de alimentaci\u00f3n externa: 30cm x 22cm x 12cm (h)<br \/>\n<strong>Capacidad de limpieza:<\/strong> 7 m\u00b2\/min<br \/>\n<strong>Cable de alimentaci\u00f3n del dron:<\/strong> longitud 20 m (extensible seg\u00fan necesidades espec\u00edficas); carga de rotura 160 kg (en tracci\u00f3n)<br \/>\nDiscos de cepillo sustituibles por otros de diferente fuerza abrasiva[\/vc_toggle][vc_toggle title=\u00bbInformaci\u00f3n t\u00e9cnica\u00bb open=\u00bbtrue\u00bb]<strong>Peso:<\/strong> 10 kg;<br \/>\n<strong>Longitud:<\/strong> 45,5 cm;<br \/>\n<strong>Anchura:<\/strong> 43 cm;<br \/>\n<strong>Altura:<\/strong> 30 cm;<br \/>\n<strong>Capacidad de limpieza:<\/strong> 7 m\u00b2\/min.<br \/>\n<strong>Capacidad de la bomba:<\/strong> 35 mc^3\/hora.[\/vc_toggle]<\/div>[vc_video link=\u00bbhttps:\/\/youtu.be\/PwO5jUTyE9Y?si=eRsIJ_qV124lPmn4&#8243;][\/vc_column][\/vc_row]<\/p>\n<\/div>","protected":false},"excerpt":{"rendered":"<p>[vc_row full_width=\u00bbstretch_row\u00bb wrap_container=\u00bbyes\u00bb section_skin=\u00bbparallax\u00bb remove_margin_bottom=\u00bbyes\u00bb remove_padding_bottom=\u00bbyes\u00bb conditional_render=\u00bb%5B%7B%22value_role%22%3A%22administrator%22%7D%5D\u00bb css=\u00bb.vc_custom_1701626288266{padding-top: 0px !important;padding-bottom: 0px !important;background-position: center !important;background-repeat: no-repeat !important;background-size: cover !important;}\u00bb el_class=\u00bbkeel\u00bb][vc_column][vc_column_text css=\u00bb.vc_custom_1703892228328{padding-top: 10px !important;padding-right: 20px !important;padding-bottom: 10px !important;padding-left: 20px !important;background-color: rgba(88,216,212,0.73) !important;*background-color: rgb(88,216,212) !important;}\u00bb el_class=\u00bbwhite\u00bb] Probado y certificado para su uso en el tratamiento Greenhull [\/vc_column_text][\/vc_column][\/vc_row][vc_row full_width=\u00bbstretch_row\u00bb content_placement=\u00bbmiddle\u00bb wrap_container=\u00bbyes\u00bb is_section=\u00bbyes\u00bb section_skin=\u00bbparallax\u00bb remove_margin_top=\u00bbyes\u00bb remove_margin_bottom=\u00bbyes\u00bb remove_padding_bottom=\u00bbyes\u00bb conditional_render=\u00bb%5B%7B%22value_role%22%3A%22administrator%22%7D%5D\u00bb css=\u00bb.vc_custom_1701978197453{background-position: center [&hellip;]<\/p>\n","protected":false},"author":1,"featured_media":0,"parent":0,"menu_order":0,"comment_status":"closed","ping_status":"closed","template":"","meta":{"inline_featured_image":false,"footnotes":""},"class_list":["post-1145","page","type-page","status-publish","hentry"],"yoast_head":"<!-- This site is optimized with the Yoast SEO plugin v26.7 - https:\/\/yoast.com\/wordpress\/plugins\/seo\/ -->\n<title>Keelcrab - Antivegetativa per Barche<\/title>\n<meta name=\"robots\" content=\"index, follow, max-snippet:-1, max-image-preview:large, max-video-preview:-1\" \/>\n<link rel=\"canonical\" href=\"https:\/\/greensailor.it\/es\/keelcrab\/\" \/>\n<meta property=\"og:locale\" content=\"es_ES\" \/>\n<meta property=\"og:type\" content=\"article\" \/>\n<meta property=\"og:title\" content=\"Keelcrab - Antivegetativa per Barche\" \/>\n<meta property=\"og:description\" content=\"[vc_row full_width=\u00bbstretch_row\u00bb wrap_container=\u00bbyes\u00bb section_skin=\u00bbparallax\u00bb remove_margin_bottom=\u00bbyes\u00bb remove_padding_bottom=\u00bbyes\u00bb conditional_render=\u00bb%5B%7B%22value_role%22%3A%22administrator%22%7D%5D\u00bb css=\u00bb.vc_custom_1701626288266{padding-top: 0px !important;padding-bottom: 0px !important;background-position: center !important;background-repeat: no-repeat !important;background-size: cover !important;}\u00bb el_class=\u00bbkeel\u00bb][vc_column][vc_column_text css=\u00bb.vc_custom_1703892228328{padding-top: 10px !important;padding-right: 20px !important;padding-bottom: 10px !important;padding-left: 20px !important;background-color: rgba(88,216,212,0.73) !important;*background-color: rgb(88,216,212) !important;}\u00bb el_class=\u00bbwhite\u00bb] Probado y certificado para su uso en el tratamiento Greenhull [\/vc_column_text][\/vc_column][\/vc_row][vc_row full_width=\u00bbstretch_row\u00bb content_placement=\u00bbmiddle\u00bb wrap_container=\u00bbyes\u00bb is_section=\u00bbyes\u00bb section_skin=\u00bbparallax\u00bb remove_margin_top=\u00bbyes\u00bb remove_margin_bottom=\u00bbyes\u00bb remove_padding_bottom=\u00bbyes\u00bb conditional_render=\u00bb%5B%7B%22value_role%22%3A%22administrator%22%7D%5D\u00bb css=\u00bb.vc_custom_1701978197453{background-position: center [&hellip;]\" \/>\n<meta property=\"og:url\" content=\"https:\/\/greensailor.it\/es\/keelcrab\/\" \/>\n<meta property=\"og:site_name\" content=\"Antivegetativa per Barche\" \/>\n<meta property=\"article:modified_time\" content=\"2023-12-29T23:29:40+00:00\" \/>\n<meta name=\"twitter:card\" content=\"summary_large_image\" \/>\n<meta name=\"twitter:label1\" content=\"Tiempo de lectura\" \/>\n\t<meta name=\"twitter:data1\" content=\"8 minutos\" \/>\n<script type=\"application\/ld+json\" class=\"yoast-schema-graph\">{\"@context\":\"https:\/\/schema.org\",\"@graph\":[{\"@type\":\"WebPage\",\"@id\":\"https:\/\/greensailor.it\/es\/keelcrab\/\",\"url\":\"https:\/\/greensailor.it\/es\/keelcrab\/\",\"name\":\"Keelcrab - Antivegetativa per Barche\",\"isPartOf\":{\"@id\":\"https:\/\/greensailor.it\/es\/#website\"},\"datePublished\":\"2023-12-03T17:23:27+00:00\",\"dateModified\":\"2023-12-29T23:29:40+00:00\",\"breadcrumb\":{\"@id\":\"https:\/\/greensailor.it\/es\/keelcrab\/#breadcrumb\"},\"inLanguage\":\"es\",\"potentialAction\":[{\"@type\":\"ReadAction\",\"target\":[\"https:\/\/greensailor.it\/es\/keelcrab\/\"]}]},{\"@type\":\"BreadcrumbList\",\"@id\":\"https:\/\/greensailor.it\/es\/keelcrab\/#breadcrumb\",\"itemListElement\":[{\"@type\":\"ListItem\",\"position\":1,\"name\":\"Home\",\"item\":\"https:\/\/greensailor.it\/es\/\"},{\"@type\":\"ListItem\",\"position\":2,\"name\":\"Keelcrab\"}]},{\"@type\":\"WebSite\",\"@id\":\"https:\/\/greensailor.it\/es\/#website\",\"url\":\"https:\/\/greensailor.it\/es\/\",\"name\":\"Antivegetativa per Barche\",\"description\":\"\",\"potentialAction\":[{\"@type\":\"SearchAction\",\"target\":{\"@type\":\"EntryPoint\",\"urlTemplate\":\"https:\/\/greensailor.it\/es\/?s={search_term_string}\"},\"query-input\":{\"@type\":\"PropertyValueSpecification\",\"valueRequired\":true,\"valueName\":\"search_term_string\"}}],\"inLanguage\":\"es\"}]}<\/script>\n<!-- \/ Yoast SEO plugin. -->","yoast_head_json":{"title":"Keelcrab - Antivegetativa per Barche","robots":{"index":"index","follow":"follow","max-snippet":"max-snippet:-1","max-image-preview":"max-image-preview:large","max-video-preview":"max-video-preview:-1"},"canonical":"https:\/\/greensailor.it\/es\/keelcrab\/","og_locale":"es_ES","og_type":"article","og_title":"Keelcrab - Antivegetativa per Barche","og_description":"[vc_row full_width=\u00bbstretch_row\u00bb wrap_container=\u00bbyes\u00bb section_skin=\u00bbparallax\u00bb remove_margin_bottom=\u00bbyes\u00bb remove_padding_bottom=\u00bbyes\u00bb conditional_render=\u00bb%5B%7B%22value_role%22%3A%22administrator%22%7D%5D\u00bb css=\u00bb.vc_custom_1701626288266{padding-top: 0px !important;padding-bottom: 0px !important;background-position: center !important;background-repeat: no-repeat !important;background-size: cover !important;}\u00bb el_class=\u00bbkeel\u00bb][vc_column][vc_column_text css=\u00bb.vc_custom_1703892228328{padding-top: 10px !important;padding-right: 20px !important;padding-bottom: 10px !important;padding-left: 20px !important;background-color: rgba(88,216,212,0.73) !important;*background-color: rgb(88,216,212) !important;}\u00bb el_class=\u00bbwhite\u00bb] Probado y certificado para su uso en el tratamiento Greenhull [\/vc_column_text][\/vc_column][\/vc_row][vc_row full_width=\u00bbstretch_row\u00bb content_placement=\u00bbmiddle\u00bb wrap_container=\u00bbyes\u00bb is_section=\u00bbyes\u00bb section_skin=\u00bbparallax\u00bb remove_margin_top=\u00bbyes\u00bb remove_margin_bottom=\u00bbyes\u00bb remove_padding_bottom=\u00bbyes\u00bb conditional_render=\u00bb%5B%7B%22value_role%22%3A%22administrator%22%7D%5D\u00bb css=\u00bb.vc_custom_1701978197453{background-position: center [&hellip;]","og_url":"https:\/\/greensailor.it\/es\/keelcrab\/","og_site_name":"Antivegetativa per Barche","article_modified_time":"2023-12-29T23:29:40+00:00","twitter_card":"summary_large_image","twitter_misc":{"Tiempo de lectura":"8 minutos"},"schema":{"@context":"https:\/\/schema.org","@graph":[{"@type":"WebPage","@id":"https:\/\/greensailor.it\/es\/keelcrab\/","url":"https:\/\/greensailor.it\/es\/keelcrab\/","name":"Keelcrab - Antivegetativa per Barche","isPartOf":{"@id":"https:\/\/greensailor.it\/es\/#website"},"datePublished":"2023-12-03T17:23:27+00:00","dateModified":"2023-12-29T23:29:40+00:00","breadcrumb":{"@id":"https:\/\/greensailor.it\/es\/keelcrab\/#breadcrumb"},"inLanguage":"es","potentialAction":[{"@type":"ReadAction","target":["https:\/\/greensailor.it\/es\/keelcrab\/"]}]},{"@type":"BreadcrumbList","@id":"https:\/\/greensailor.it\/es\/keelcrab\/#breadcrumb","itemListElement":[{"@type":"ListItem","position":1,"name":"Home","item":"https:\/\/greensailor.it\/es\/"},{"@type":"ListItem","position":2,"name":"Keelcrab"}]},{"@type":"WebSite","@id":"https:\/\/greensailor.it\/es\/#website","url":"https:\/\/greensailor.it\/es\/","name":"Antivegetativa per Barche","description":"","potentialAction":[{"@type":"SearchAction","target":{"@type":"EntryPoint","urlTemplate":"https:\/\/greensailor.it\/es\/?s={search_term_string}"},"query-input":{"@type":"PropertyValueSpecification","valueRequired":true,"valueName":"search_term_string"}}],"inLanguage":"es"}]}},"_links":{"self":[{"href":"https:\/\/greensailor.it\/es\/wp-json\/wp\/v2\/pages\/1145","targetHints":{"allow":["GET"]}}],"collection":[{"href":"https:\/\/greensailor.it\/es\/wp-json\/wp\/v2\/pages"}],"about":[{"href":"https:\/\/greensailor.it\/es\/wp-json\/wp\/v2\/types\/page"}],"author":[{"embeddable":true,"href":"https:\/\/greensailor.it\/es\/wp-json\/wp\/v2\/users\/1"}],"replies":[{"embeddable":true,"href":"https:\/\/greensailor.it\/es\/wp-json\/wp\/v2\/comments?post=1145"}],"version-history":[{"count":2,"href":"https:\/\/greensailor.it\/es\/wp-json\/wp\/v2\/pages\/1145\/revisions"}],"predecessor-version":[{"id":1147,"href":"https:\/\/greensailor.it\/es\/wp-json\/wp\/v2\/pages\/1145\/revisions\/1147"}],"wp:attachment":[{"href":"https:\/\/greensailor.it\/es\/wp-json\/wp\/v2\/media?parent=1145"}],"curies":[{"name":"wp","href":"https:\/\/api.w.org\/{rel}","templated":true}]}}