{"id":1148,"date":"2023-10-23T15:18:32","date_gmt":"2023-10-23T13:18:32","guid":{"rendered":"https:\/\/greensailor.it\/faq\/"},"modified":"2023-12-30T13:07:28","modified_gmt":"2023-12-30T12:07:28","slug":"faq","status":"publish","type":"page","link":"https:\/\/greensailor.it\/es\/faq\/","title":{"rendered":"Preguntas frecuentes"},"content":{"rendered":"<div class=\"wpb-content-wrapper\"><p>[vc_row full_width=\u00bbstretch_row\u00bb wrap_container=\u00bbyes\u00bb is_section=\u00bbyes\u00bb section_skin=\u00bbparallax\u00bb conditional_render=\u00bb%5B%7B%22value_role%22%3A%22administrator%22%7D%5D\u00bb css=\u00bb.vc_custom_1698088788753{padding-top: 70px !important;padding-bottom: 70px !important;}\u00bb][vc_column]<div class=\"porto-u-heading  wpb_custom_6a66622d318b853f6ccf8117cfe1e9e2 porto-u-ad87e2eaf3f9c495180fe0156ddf3eb0 \"><div class=\"porto-u-main-heading\"><h2   style=\"color:#000000;margin-bottom: 15px;\">Preguntas Frecuentes<\/h2><\/div><div class=\"porto-u-sub-heading\" style=\"margin-bottom:20px;\">Ecolog\u00eda, ahorro y rendimiento para su embarcaci\u00f3n<\/div><style>.porto-u-ad87e2eaf3f9c495180fe0156ddf3eb0.porto-u-heading{text-align:left}<\/style><\/div><div class=\"porto-toggles wpb_content_element  toggle-primary\">[vc_toggle title=\u00bb\u00bfComo funciona?\u00bb]Greensailor, gracias al departamento de I+D, ha desarrollado una formulaci\u00f3n innovadora que hace que el casco sea f\u00e1cil de limpiar sin matar microorganismos incrustantes y sin modificar el ecosistema dispersando material t\u00f3xico y contaminante, como hacen las pinturas antiincrustantes tradicionales, algunas de las cuales contienen nuevamente biocidas o cobre. .<br \/>\nEsta formulaci\u00f3n adaptada a las diferentes superficies sumergidas crea una pel\u00edcula extremadamente resbaladiza y muy dura, que no se disuelve en agua y de la que se pueden eliminar f\u00e1cilmente los microorganismos y la vegetaci\u00f3n marina y lacustre. La retirada se produce de forma muy sencilla: con el movimiento de la embarcaci\u00f3n (m\u00e1s de 15 Kn) o con esponjas abrasivas, drones submarinos (Keelcrab drone) o bombas con agua a media\/alta presi\u00f3n.[\/vc_toggle][vc_toggle title=\u00bb\u00bfPuedo utilizar Greenhull y Greenprop en otro tipo de superficies?\u00bb]S\u00ed, ambos se pueden utilizar en m\u00faltiples superficies que pueden permanecer sumergidas por largos periodos de tiempo.<br \/>\nCont\u00e1ctenos para m\u00e1s informaci\u00f3n[\/vc_toggle][vc_toggle title=\u00bb\u00bfLa temperatura del agua puede afectar el resultado o la duraci\u00f3n del tratamiento?\u00bb]El agua m\u00e1s caliente en general tiene una mayor producci\u00f3n de microorganismos y por lo tanto puede hacer necesaria una limpieza m\u00e1s frecuente.\u00a0La durabilidad del revestimiento no deber\u00eda cambiar.[\/vc_toggle][vc_toggle title=\u00bb\u00bfQu\u00e9 debo hacer al final de la temporada?\u00bb]Al final de la temporada el barco se puede lavar como se indica anteriormente, dejarlo en el agua o en tierra.\u00a0Estar fuera del agua no perjudica el desempe\u00f1o de Greenhull y Greenprop.[\/vc_toggle][vc_toggle title=\u00bbAgua dulce versus agua salada\u00bb]Aunque la cantidad y las especies de incrustaciones pueden diferir del agua dulce al agua salada, Greenhull y Greenprop funcionan en ambos entornos.[\/vc_toggle][vc_toggle title=\u00bb\u00bfQu\u00e9 colores est\u00e1n disponibles?\u00bb]La amplia gama de colores b\u00e1sicos, ya disponibles, permite tambi\u00e9n mezclarlos para obtener nuevos colores.[\/vc_toggle][vc_toggle title=\u00bb\u00bfC\u00f3mo aplicar el producto?\u00bb]El producto se presta a varios m\u00e9todos de aplicaci\u00f3n: airless, rodillo o brocha.[\/vc_toggle][vc_toggle title=\u00bb\u00bfDebo usar una imprimaci\u00f3n?\u00bb]Greenfondo realiza esta tarea por lo que, si no est\u00e1 ya presente en el casco, no es necesario aplicar una mano de otra imprimaci\u00f3n antes.\u00a0Una vez aplicado Greenfondo podr\u00e1s continuar con el tratamiento con Greenhull tranquilamente en un plazo de 30 d\u00edas.[\/vc_toggle][vc_toggle title=\u00bb\u00bfPor qu\u00e9 se informan advertencias medioambientales sobre Greenhull y Greenprop? \u00bfNo deber\u00eda ser ecol\u00f3gico?\u00bb]Ambos productos tienen advertencias ambientales en la etiqueta porque las partes l\u00edquidas a\u00fan presentan algunos riesgos para la salud, similares a cualquier pintura.\u00a0Una vez mezclado y polimerizado el producto, los elementos peligrosos han reaccionado y quedan ligados y atrapados en la pintura sin dispersarse en el medio marino.[\/vc_toggle][vc_toggle title=\u00bb\u00bfCu\u00e1nta pintura debo pedir para mi barco?\u00bb]Nuestra pintura cubre una media de 6-7 metros cuadrados por kg, no \u00abtire\u00bb del material m\u00e1s all\u00e1.\u00a0Envi\u00e1ndonos los datos de su embarcaci\u00f3n v\u00eda email (eslora de flotaci\u00f3n, manga m\u00e1xima, calado) podremos indicarle la cantidad de productos solicitados que necesita.[\/vc_toggle][vc_toggle title=\u00bb\u00bfC\u00f3mo puedo preparar la superficie para aplicar el producto?\u00bb]Se debe quitar la pintura antiincrustante vieja para garantizar una superficie lisa y sin pelar.\u00a0Lije como de costumbre seg\u00fan las instrucciones est\u00e1ndar, limpie la superficie con acetona o diluyente.<br \/>\nAseg\u00farate de haber eliminado completamente el polvo, residuos del lijado y otros contaminantes realizando el \u00faltimo paso con agua y jab\u00f3n y finalmente enjuagando.[\/vc_toggle][vc_toggle title=\u00bb\u00bfPor qu\u00e9 tengo que quitar las capas anteriores de antifouling?\u00bb]Las pinturas antiincrustantes cl\u00e1sicas aplicadas previamente est\u00e1n dise\u00f1adas para disolverse en agua, por lo que tambi\u00e9n provocar\u00e1n que la pintura nueva aplicada sobre ellas se desprenda.\u00a0Por tanto, es necesario eliminarlas perfectamente antes de aplicar la prebase y continuar con el ciclo completo para asegurar la m\u00e1xima duraci\u00f3n del tratamiento.[\/vc_toggle][vc_toggle title=\u00bb\u00bfCu\u00e1les son los tiempos de solicitud?\u00bb]Greenfull: debe aplicarse sobre Greenfondo en un intervalo de tiempo que va desde 8 horas hasta un m\u00e1ximo de 30 d\u00edas.[\/vc_toggle][vc_toggle title=\u00bb\u00bfCu\u00e1nto tiempo tengo que esperar despu\u00e9s de aplicar el producto para lanzarlo? \u00bfHay un tiempo m\u00e1ximo?\u00bb]El periodo necesario para dejar curar a Greenhull y Greenprop es de 72 horas.\u00a0No hay un tiempo m\u00e1ximo de espera, ya que el producto no se deteriora fuera del agua.[\/vc_toggle][vc_toggle title=\u00bbMantenimiento\u00bb]El producto no mata los microorganismos, la superficie resbaladiza dificulta su adhesi\u00f3n;\u00a0el contexto cambia seg\u00fan las estaciones y el tipo de agua.<br \/>\nLa eliminaci\u00f3n del microorganismo se produce con los m\u00e9todos indicados anteriormente: movimiento de la embarcaci\u00f3n, esponja abrasiva, dron Keelcrab bomba de alta presi\u00f3n.[\/vc_toggle][vc_toggle title=\u00bbLlevo varios a\u00f1os aplicando pintura y creo que es momento de una nueva capa, \u00bfqu\u00e9 debo hacer para aplicar una?\u00bb]Es posible aplicar una nueva capa de Greenhull a todo el casco.\u00a0Es necesario lijar el casco con papel de grano medio\/fino.\u00a0El lijado dejar\u00e1 la capa anterior lo suficientemente rugosa como para permitir que la nueva capa se adhiera a la superficie sin necesidad de aplicar Greenfondo (si permanece visible).\u00a0Limpiar con disolvente inmediatamente antes de la aplicaci\u00f3n para que no quede polvo en la superficie.[\/vc_toggle][vc_toggle title=\u00bb\u00bfSi da\u00f1o la pintura se puede reparar?\u00bb]S\u00ed, debes seguir las instrucciones del fabricante.[\/vc_toggle]<\/div>[\/vc_column][\/vc_row][vc_row full_width=\u00bbstretch_row\u00bb wrap_container=\u00bbyes\u00bb conditional_render=\u00bb%5B%7B%22value_role%22%3A%22administrator%22%7D%5D\u00bb el_class=\u00bbsection7 center\u00bb css=\u00bb.vc_custom_1698040141941{padding-top: 130px !important;padding-bottom: 130px !important;background: #0a1e47 url(https:\/\/greensailor.it\/wp-content\/uploads\/2023\/10\/bg-section.png?id=153) !important;background-position: center !important;background-repeat: no-repeat !important;background-size: cover !important;}\u00bb][vc_column width=\u00bb1\/6&#8243;][\/vc_column][vc_column width=\u00bb2\/3&#8243;]<div class=\"porto-u-heading  wpb_custom_efca10b44f74e8c2c1df835a196af87a porto-u-55ca8359258f9a412be7e73af65d2aac \"><div class=\"porto-u-main-heading\"><h2   style=\"color:#ffffff;margin-bottom: 15px;\">Contattaci<\/h2><\/div><div class=\"porto-u-sub-heading\" style=\"color: #ffffff;margin-bottom:20px;\">\n<p style=\"text-align: center;\">Chiamaci per avere maggiori informazioni sui nostri prodotti e per richiedere un preventivo personalizzato<\/p>\n<p><\/div><style>.porto-u-55ca8359258f9a412be7e73af65d2aac.porto-u-heading{text-align:center}<\/style><\/div>[vc_btn title=\u00bbCONTATTI\u00bb style=\u00bbmodern\u00bb shape=\u00bbsquare\u00bb color=\u00bbdefault\u00bb i_align=\u00bbright\u00bb i_type=\u00bbporto\u00bb skin=\u00bbsecondary\u00bb btn_fs=\u00bb1em\u00bb btn_fw=\u00bb600&#8243; btn_ls=\u00bb0&#8243; animation_delay=\u00bb600&#8243; hover_effect=\u00bbhover-icon-right\u00bb add_icon=\u00bbtrue\u00bb btn_px=\u00bb1.8rem\u00bb btn_py=\u00bb1rem\u00bb link=\u00bburl:%23&#8243; i_icon_porto=\u00bbporto-icon-arrow-forward-right\u00bb css=\u00bb.vc_custom_1698085885542{margin-right: 30px !important;}\u00bb]<a aria-label=\"+39 02 2247 6678\" class=\"porto-sicon-box-link\" href=\"tel:+390222476678\"><div class=\"porto-sicon-box  wpb_custom_74c312c6382c672d88415152636ca045 style_1 default-icon\"><div class=\"porto-sicon-default\"><div class=\"porto-just-icon-wrapper porto-icon none\" style=\"color:#3c66bb;font-size:32px;\"><i class=\"Simple-Line-Icons-call-out\"><\/i><\/div><\/div><div class=\"porto-sicon-header\"><h3 class=\"porto-sicon-title\" style=\"color:#ffffff;\">+39 02 2247 6678<\/h3><\/div> <!-- header --><\/div><!-- porto-sicon-box --><\/a>[\/vc_column][vc_column width=\u00bb1\/6&#8243;][\/vc_column][\/vc_row]<\/p>\n<\/div>","protected":false},"excerpt":{"rendered":"<p>[vc_row full_width=\u00bbstretch_row\u00bb wrap_container=\u00bbyes\u00bb is_section=\u00bbyes\u00bb section_skin=\u00bbparallax\u00bb conditional_render=\u00bb%5B%7B%22value_role%22%3A%22administrator%22%7D%5D\u00bb css=\u00bb.vc_custom_1698088788753{padding-top: 70px !important;padding-bottom: 70px !important;}\u00bb][vc_column][\/vc_column][\/vc_row][vc_row full_width=\u00bbstretch_row\u00bb wrap_container=\u00bbyes\u00bb conditional_render=\u00bb%5B%7B%22value_role%22%3A%22administrator%22%7D%5D\u00bb el_class=\u00bbsection7 center\u00bb css=\u00bb.vc_custom_1698040141941{padding-top: 130px !important;padding-bottom: 130px !important;background: #0a1e47 url(https:\/\/greensailor.it\/wp-content\/uploads\/2023\/10\/bg-section.png?id=153) !important;background-position: center !important;background-repeat: no-repeat !important;background-size: cover !important;}\u00bb][vc_column width=\u00bb1\/6&#8243;][\/vc_column][vc_column width=\u00bb2\/3&#8243;][vc_btn title=\u00bbCONTATTI\u00bb style=\u00bbmodern\u00bb shape=\u00bbsquare\u00bb color=\u00bbdefault\u00bb i_align=\u00bbright\u00bb i_type=\u00bbporto\u00bb skin=\u00bbsecondary\u00bb btn_fs=\u00bb1em\u00bb btn_fw=\u00bb600&#8243; btn_ls=\u00bb0&#8243; animation_delay=\u00bb600&#8243; hover_effect=\u00bbhover-icon-right\u00bb add_icon=\u00bbtrue\u00bb btn_px=\u00bb1.8rem\u00bb btn_py=\u00bb1rem\u00bb link=\u00bburl:%23&#8243; i_icon_porto=\u00bbporto-icon-arrow-forward-right\u00bb css=\u00bb.vc_custom_1698085885542{margin-right: 30px !important;}\u00bb][\/vc_column][vc_column width=\u00bb1\/6&#8243;][\/vc_column][\/vc_row]<\/p>\n","protected":false},"author":1,"featured_media":0,"parent":0,"menu_order":0,"comment_status":"closed","ping_status":"closed","template":"","meta":{"inline_featured_image":false,"footnotes":""},"class_list":["post-1148","page","type-page","status-publish","hentry"],"yoast_head":"<!-- This site is optimized with the Yoast SEO plugin v26.7 - https:\/\/yoast.com\/wordpress\/plugins\/seo\/ -->\n<title>Preguntas frecuentes - Antivegetativa per Barche<\/title>\n<meta name=\"robots\" content=\"index, follow, max-snippet:-1, max-image-preview:large, max-video-preview:-1\" \/>\n<link rel=\"canonical\" href=\"https:\/\/greensailor.it\/es\/faq\/\" \/>\n<meta property=\"og:locale\" content=\"es_ES\" \/>\n<meta property=\"og:type\" content=\"article\" \/>\n<meta property=\"og:title\" content=\"Preguntas frecuentes - Antivegetativa per Barche\" \/>\n<meta property=\"og:description\" content=\"[vc_row full_width=\u00bbstretch_row\u00bb wrap_container=\u00bbyes\u00bb is_section=\u00bbyes\u00bb section_skin=\u00bbparallax\u00bb conditional_render=\u00bb%5B%7B%22value_role%22%3A%22administrator%22%7D%5D\u00bb css=\u00bb.vc_custom_1698088788753{padding-top: 70px !important;padding-bottom: 70px !important;}\u00bb][vc_column][\/vc_column][\/vc_row][vc_row full_width=\u00bbstretch_row\u00bb wrap_container=\u00bbyes\u00bb conditional_render=\u00bb%5B%7B%22value_role%22%3A%22administrator%22%7D%5D\u00bb el_class=\u00bbsection7 center\u00bb css=\u00bb.vc_custom_1698040141941{padding-top: 130px !important;padding-bottom: 130px !important;background: #0a1e47 url(https:\/\/greensailor.it\/wp-content\/uploads\/2023\/10\/bg-section.png?id=153) !important;background-position: center !important;background-repeat: no-repeat !important;background-size: cover !important;}\u00bb][vc_column width=\u00bb1\/6&#8243;][\/vc_column][vc_column width=\u00bb2\/3&#8243;][vc_btn title=\u00bbCONTATTI\u00bb style=\u00bbmodern\u00bb shape=\u00bbsquare\u00bb color=\u00bbdefault\u00bb i_align=\u00bbright\u00bb i_type=\u00bbporto\u00bb skin=\u00bbsecondary\u00bb btn_fs=\u00bb1em\u00bb btn_fw=\u00bb600&#8243; btn_ls=\u00bb0&#8243; animation_delay=\u00bb600&#8243; hover_effect=\u00bbhover-icon-right\u00bb add_icon=\u00bbtrue\u00bb btn_px=\u00bb1.8rem\u00bb btn_py=\u00bb1rem\u00bb link=\u00bburl:%23&#8243; i_icon_porto=\u00bbporto-icon-arrow-forward-right\u00bb css=\u00bb.vc_custom_1698085885542{margin-right: 30px !important;}\u00bb][\/vc_column][vc_column width=\u00bb1\/6&#8243;][\/vc_column][\/vc_row]\" \/>\n<meta property=\"og:url\" content=\"https:\/\/greensailor.it\/es\/faq\/\" \/>\n<meta property=\"og:site_name\" content=\"Antivegetativa per Barche\" \/>\n<meta property=\"article:modified_time\" content=\"2023-12-30T12:07:28+00:00\" \/>\n<meta name=\"twitter:card\" content=\"summary_large_image\" \/>\n<meta name=\"twitter:label1\" content=\"Tiempo de lectura\" \/>\n\t<meta name=\"twitter:data1\" content=\"6 minutos\" \/>\n<script type=\"application\/ld+json\" class=\"yoast-schema-graph\">{\"@context\":\"https:\/\/schema.org\",\"@graph\":[{\"@type\":\"WebPage\",\"@id\":\"https:\/\/greensailor.it\/es\/faq\/\",\"url\":\"https:\/\/greensailor.it\/es\/faq\/\",\"name\":\"Preguntas frecuentes - Antivegetativa per Barche\",\"isPartOf\":{\"@id\":\"https:\/\/greensailor.it\/es\/#website\"},\"datePublished\":\"2023-10-23T13:18:32+00:00\",\"dateModified\":\"2023-12-30T12:07:28+00:00\",\"breadcrumb\":{\"@id\":\"https:\/\/greensailor.it\/es\/faq\/#breadcrumb\"},\"inLanguage\":\"es\",\"potentialAction\":[{\"@type\":\"ReadAction\",\"target\":[\"https:\/\/greensailor.it\/es\/faq\/\"]}]},{\"@type\":\"BreadcrumbList\",\"@id\":\"https:\/\/greensailor.it\/es\/faq\/#breadcrumb\",\"itemListElement\":[{\"@type\":\"ListItem\",\"position\":1,\"name\":\"Home\",\"item\":\"https:\/\/greensailor.it\/es\/\"},{\"@type\":\"ListItem\",\"position\":2,\"name\":\"Preguntas frecuentes\"}]},{\"@type\":\"WebSite\",\"@id\":\"https:\/\/greensailor.it\/es\/#website\",\"url\":\"https:\/\/greensailor.it\/es\/\",\"name\":\"Antivegetativa per Barche\",\"description\":\"\",\"potentialAction\":[{\"@type\":\"SearchAction\",\"target\":{\"@type\":\"EntryPoint\",\"urlTemplate\":\"https:\/\/greensailor.it\/es\/?s={search_term_string}\"},\"query-input\":{\"@type\":\"PropertyValueSpecification\",\"valueRequired\":true,\"valueName\":\"search_term_string\"}}],\"inLanguage\":\"es\"}]}<\/script>\n<!-- \/ Yoast SEO plugin. -->","yoast_head_json":{"title":"Preguntas frecuentes - Antivegetativa per Barche","robots":{"index":"index","follow":"follow","max-snippet":"max-snippet:-1","max-image-preview":"max-image-preview:large","max-video-preview":"max-video-preview:-1"},"canonical":"https:\/\/greensailor.it\/es\/faq\/","og_locale":"es_ES","og_type":"article","og_title":"Preguntas frecuentes - Antivegetativa per Barche","og_description":"[vc_row full_width=\u00bbstretch_row\u00bb wrap_container=\u00bbyes\u00bb is_section=\u00bbyes\u00bb section_skin=\u00bbparallax\u00bb conditional_render=\u00bb%5B%7B%22value_role%22%3A%22administrator%22%7D%5D\u00bb css=\u00bb.vc_custom_1698088788753{padding-top: 70px !important;padding-bottom: 70px !important;}\u00bb][vc_column][\/vc_column][\/vc_row][vc_row full_width=\u00bbstretch_row\u00bb wrap_container=\u00bbyes\u00bb conditional_render=\u00bb%5B%7B%22value_role%22%3A%22administrator%22%7D%5D\u00bb el_class=\u00bbsection7 center\u00bb css=\u00bb.vc_custom_1698040141941{padding-top: 130px !important;padding-bottom: 130px !important;background: #0a1e47 url(https:\/\/greensailor.it\/wp-content\/uploads\/2023\/10\/bg-section.png?id=153) !important;background-position: center !important;background-repeat: no-repeat !important;background-size: cover !important;}\u00bb][vc_column width=\u00bb1\/6&#8243;][\/vc_column][vc_column width=\u00bb2\/3&#8243;][vc_btn title=\u00bbCONTATTI\u00bb style=\u00bbmodern\u00bb shape=\u00bbsquare\u00bb color=\u00bbdefault\u00bb i_align=\u00bbright\u00bb i_type=\u00bbporto\u00bb skin=\u00bbsecondary\u00bb btn_fs=\u00bb1em\u00bb btn_fw=\u00bb600&#8243; btn_ls=\u00bb0&#8243; animation_delay=\u00bb600&#8243; hover_effect=\u00bbhover-icon-right\u00bb add_icon=\u00bbtrue\u00bb btn_px=\u00bb1.8rem\u00bb btn_py=\u00bb1rem\u00bb link=\u00bburl:%23&#8243; i_icon_porto=\u00bbporto-icon-arrow-forward-right\u00bb css=\u00bb.vc_custom_1698085885542{margin-right: 30px !important;}\u00bb][\/vc_column][vc_column width=\u00bb1\/6&#8243;][\/vc_column][\/vc_row]","og_url":"https:\/\/greensailor.it\/es\/faq\/","og_site_name":"Antivegetativa per Barche","article_modified_time":"2023-12-30T12:07:28+00:00","twitter_card":"summary_large_image","twitter_misc":{"Tiempo de lectura":"6 minutos"},"schema":{"@context":"https:\/\/schema.org","@graph":[{"@type":"WebPage","@id":"https:\/\/greensailor.it\/es\/faq\/","url":"https:\/\/greensailor.it\/es\/faq\/","name":"Preguntas frecuentes - Antivegetativa per Barche","isPartOf":{"@id":"https:\/\/greensailor.it\/es\/#website"},"datePublished":"2023-10-23T13:18:32+00:00","dateModified":"2023-12-30T12:07:28+00:00","breadcrumb":{"@id":"https:\/\/greensailor.it\/es\/faq\/#breadcrumb"},"inLanguage":"es","potentialAction":[{"@type":"ReadAction","target":["https:\/\/greensailor.it\/es\/faq\/"]}]},{"@type":"BreadcrumbList","@id":"https:\/\/greensailor.it\/es\/faq\/#breadcrumb","itemListElement":[{"@type":"ListItem","position":1,"name":"Home","item":"https:\/\/greensailor.it\/es\/"},{"@type":"ListItem","position":2,"name":"Preguntas frecuentes"}]},{"@type":"WebSite","@id":"https:\/\/greensailor.it\/es\/#website","url":"https:\/\/greensailor.it\/es\/","name":"Antivegetativa per Barche","description":"","potentialAction":[{"@type":"SearchAction","target":{"@type":"EntryPoint","urlTemplate":"https:\/\/greensailor.it\/es\/?s={search_term_string}"},"query-input":{"@type":"PropertyValueSpecification","valueRequired":true,"valueName":"search_term_string"}}],"inLanguage":"es"}]}},"_links":{"self":[{"href":"https:\/\/greensailor.it\/es\/wp-json\/wp\/v2\/pages\/1148","targetHints":{"allow":["GET"]}}],"collection":[{"href":"https:\/\/greensailor.it\/es\/wp-json\/wp\/v2\/pages"}],"about":[{"href":"https:\/\/greensailor.it\/es\/wp-json\/wp\/v2\/types\/page"}],"author":[{"embeddable":true,"href":"https:\/\/greensailor.it\/es\/wp-json\/wp\/v2\/users\/1"}],"replies":[{"embeddable":true,"href":"https:\/\/greensailor.it\/es\/wp-json\/wp\/v2\/comments?post=1148"}],"version-history":[{"count":4,"href":"https:\/\/greensailor.it\/es\/wp-json\/wp\/v2\/pages\/1148\/revisions"}],"predecessor-version":[{"id":1167,"href":"https:\/\/greensailor.it\/es\/wp-json\/wp\/v2\/pages\/1148\/revisions\/1167"}],"wp:attachment":[{"href":"https:\/\/greensailor.it\/es\/wp-json\/wp\/v2\/media?parent=1148"}],"curies":[{"name":"wp","href":"https:\/\/api.w.org\/{rel}","templated":true}]}}